{"id":83634,"date":"2024-05-20T17:17:35","date_gmt":"2024-05-20T15:17:35","guid":{"rendered":"https:\/\/www.jbonet-mobilier.com\/paola-lenti-catalog\/"},"modified":"2026-03-02T17:39:39","modified_gmt":"2026-03-02T16:39:39","slug":"paola-lenti-catalog","status":"publish","type":"page","link":"https:\/\/www.jbonet-mobilier.com\/en\/paola-lenti-catalog\/","title":{"rendered":"Paola Lenti Catalog"},"content":{"rendered":"\t\t<div data-elementor-type=\"wp-page\" data-elementor-id=\"83634\" class=\"elementor elementor-83634 elementor-80626\" data-elementor-post-type=\"page\">\n\t\t\t\t\t\t<section class=\"elementor-section elementor-top-section elementor-element elementor-element-7bdcad8 elementor-section-full_width elementor-section-height-min-height elementor-section-stretched elementor-section-height-default elementor-section-items-middle\" data-id=\"7bdcad8\" data-element_type=\"section\" data-e-type=\"section\" data-settings=\"{&quot;stretch_section&quot;:&quot;section-stretched&quot;,&quot;background_background&quot;:&quot;classic&quot;}\">\n\t\t\t\t\t\t\t<div class=\"elementor-background-overlay\"><\/div>\n\t\t\t\t\t\t\t<div class=\"elementor-container elementor-column-gap-no\">\n\t\t\t\t\t<div class=\"elementor-column elementor-col-100 elementor-top-column elementor-element elementor-element-9724f87\" data-id=\"9724f87\" data-element_type=\"column\" data-e-type=\"column\">\n\t\t\t<div class=\"elementor-widget-wrap elementor-element-populated\">\n\t\t\t\t\t\t\t<\/div>\n\t\t<\/div>\n\t\t\t\t\t<\/div>\n\t\t<\/section>\n\t\t\t\t<section class=\"elementor-section elementor-top-section elementor-element elementor-element-ef99673 elementor-section-boxed elementor-section-height-default elementor-section-height-default\" data-id=\"ef99673\" data-element_type=\"section\" data-e-type=\"section\">\n\t\t\t\t\t\t<div class=\"elementor-container elementor-column-gap-default\">\n\t\t\t\t\t<div class=\"elementor-column elementor-col-100 elementor-top-column elementor-element elementor-element-89033c8\" data-id=\"89033c8\" data-element_type=\"column\" data-e-type=\"column\">\n\t\t\t<div class=\"elementor-widget-wrap elementor-element-populated\">\n\t\t\t\t\t\t<div class=\"elementor-element elementor-element-9a8b006 elementor-widget elementor-widget-text-editor\" data-id=\"9a8b006\" data-element_type=\"widget\" data-e-type=\"widget\" data-widget_type=\"text-editor.default\">\n\t\t\t\t<div class=\"elementor-widget-container\">\n\t\t\t\t\t\t\t\t\t<p><strong>The world of Paola Lenti is both colorful and discreet, yet above all welcoming and timeless<\/strong>. Her style invites relaxation, disconnection, and well-being through spacious seating. After all, isn&#8217;t outdoor design furniture meant for rest and conviviality? Today, her collections are no longer limited to the outdoors; she has also expanded into indoor spaces. Always with the same refined design, blending tradition and modernism. Always with her signature colors.     <\/p><p>Paola Lenti&#8217;s creations have been honored with numerous awards<\/p>\t\t\t\t\t\t\t\t<\/div>\n\t\t\t\t<\/div>\n\t\t\t\t\t<\/div>\n\t\t<\/div>\n\t\t\t\t\t<\/div>\n\t\t<\/section>\n\t\t\t\t<section class=\"elementor-section elementor-top-section elementor-element elementor-element-e47edcf elementor-section-boxed elementor-section-height-default elementor-section-height-default\" data-id=\"e47edcf\" data-element_type=\"section\" data-e-type=\"section\">\n\t\t\t\t\t\t<div class=\"elementor-container elementor-column-gap-default\">\n\t\t\t\t\t<div class=\"elementor-column elementor-col-100 elementor-top-column elementor-element elementor-element-93d1841\" data-id=\"93d1841\" data-element_type=\"column\" data-e-type=\"column\">\n\t\t\t<div class=\"elementor-widget-wrap elementor-element-populated\">\n\t\t\t\t\t\t<div class=\"elementor-element elementor-element-37290f4 elementor-widget elementor-widget-text-editor\" data-id=\"37290f4\" data-element_type=\"widget\" data-e-type=\"widget\" data-widget_type=\"text-editor.default\">\n\t\t\t\t<div class=\"elementor-widget-container\">\n\t\t\t\t\t\t\t\t\t<p>If you are interested in a product, please send the corresponding <strong>ID<\/strong> via <strong><a href=\"https:\/\/www.jbonet-mobilier.com\/en\/contact\/\">contact.<\/a><\/strong><\/p>\t\t\t\t\t\t\t\t<\/div>\n\t\t\t\t<\/div>\n\t\t\t\t\t<\/div>\n\t\t<\/div>\n\t\t\t\t\t<\/div>\n\t\t<\/section>\n\t\t\t\t<section class=\"elementor-section elementor-top-section elementor-element elementor-element-1257ea7 elementor-section-boxed elementor-section-height-default elementor-section-height-default\" data-id=\"1257ea7\" data-element_type=\"section\" data-e-type=\"section\">\n\t\t\t\t\t\t<div class=\"elementor-container elementor-column-gap-default\">\n\t\t\t\t\t<div class=\"elementor-column elementor-col-100 elementor-top-column elementor-element elementor-element-9366fbb\" data-id=\"9366fbb\" data-element_type=\"column\" data-e-type=\"column\">\n\t\t\t<div class=\"elementor-widget-wrap elementor-element-populated\">\n\t\t\t\t\t\t<div class=\"elementor-element elementor-element-5ed99a6 elementor-widget elementor-widget-html\" data-id=\"5ed99a6\" data-element_type=\"widget\" data-e-type=\"widget\" data-widget_type=\"html.default\">\n\t\t\t\t<div class=\"elementor-widget-container\">\n\t\t\t\t\t\r\n    <iframe id=\"vsr-iframe\" height=\"auto\" width=\"100%\" style=\"          border: none;         overflow: hidden;         overflow-x: hidden;         overflow-y: hidden;        \" allow=\"clipboard-write;\" title=\"VSR\">Loading...<\/iframe>\r\n    <script>\r\n      const iframeOrigin = \"https:\/\/vsr.daaily.com\/fr\/10007040\/manufacturer\/3100362?vsrsettings=10\";\r\n      const defaultLang = \"fr\";\r\n      const distributorId = \"10007040\";\r\n      const vsrAutoLoad = true;\r\n      const vsrSettings = \"10\";\r\n      \r\n    <\/script>\r\n    <script src=\"https:\/\/vsr.daaily.com\/vsr.js\"><\/script>\t\t\t\t<\/div>\n\t\t\t\t<\/div>\n\t\t\t\t\t<\/div>\n\t\t<\/div>\n\t\t\t\t\t<\/div>\n\t\t<\/section>\n\t\t\t\t<\/div>\n\t\t","protected":false},"excerpt":{"rendered":"<p>The world of Paola Lenti is both colorful and discreet, yet above all welcoming and timeless. Her style invites relaxation, disconnection, and well-being through spacious seating. After all, isn&#8217;t outdoor design furniture meant for rest and conviviality? Today, her collections are no longer limited to the outdoors; she has also expanded into indoor spaces. Always&hellip;<\/p>\n","protected":false},"author":5,"featured_media":83635,"parent":0,"menu_order":0,"comment_status":"closed","ping_status":"closed","template":"","meta":{"footnotes":""},"class_list":["post-83634","page","type-page","status-publish","has-post-thumbnail","hentry"],"yoast_head":"<!-- This site is optimized with the Yoast SEO plugin v27.5 - https:\/\/yoast.com\/product\/yoast-seo-wordpress\/ -->\n<title>Paola Lenti Catalog - Jbonet | Mobilier Design et Bureau<\/title>\n<meta name=\"description\" content=\"Discover all the products from the prestigious Italian design furniture brand Cassina, available in Nice, Cannes, and Monaco at Jbonet.\" \/>\n<meta name=\"robots\" content=\"index, follow, max-snippet:-1, max-image-preview:large, max-video-preview:-1\" \/>\n<link rel=\"canonical\" href=\"https:\/\/www.jbonet-mobilier.com\/en\/paola-lenti-catalog\/\" \/>\n<meta property=\"og:locale\" content=\"en_US\" \/>\n<meta property=\"og:type\" content=\"article\" \/>\n<meta property=\"og:title\" content=\"Paola Lenti Catalog - Jbonet | Mobilier Design et Bureau\" \/>\n<meta property=\"og:description\" content=\"Discover all the products from the prestigious Italian design furniture brand Cassina, available in Nice, Cannes, and Monaco at Jbonet.\" \/>\n<meta property=\"og:url\" content=\"https:\/\/www.jbonet-mobilier.com\/en\/paola-lenti-catalog\/\" \/>\n<meta property=\"og:site_name\" content=\"Jbonet | Mobilier Design et Bureau\" \/>\n<meta property=\"article:publisher\" content=\"https:\/\/www.facebook.com\/jbonet.mobilier\/\" \/>\n<meta property=\"article:modified_time\" content=\"2026-03-02T16:39:39+00:00\" \/>\n<meta property=\"og:image\" content=\"https:\/\/www.jbonet-mobilier.com\/wp-content\/uploads\/2024\/04\/Frame-divano_PaolaLenti_02.jpg\" \/>\n\t<meta property=\"og:image:width\" content=\"2215\" \/>\n\t<meta property=\"og:image:height\" content=\"1193\" \/>\n\t<meta property=\"og:image:type\" content=\"image\/jpeg\" \/>\n<meta name=\"twitter:card\" content=\"summary_large_image\" \/>\n<script type=\"application\/ld+json\" class=\"yoast-schema-graph\">{\"@context\":\"https:\\\/\\\/schema.org\",\"@graph\":[{\"@type\":[\"WebPage\",\"ItemPage\"],\"@id\":\"https:\\\/\\\/www.jbonet-mobilier.com\\\/en\\\/paola-lenti-catalog\\\/\",\"url\":\"https:\\\/\\\/www.jbonet-mobilier.com\\\/en\\\/paola-lenti-catalog\\\/\",\"name\":\"Paola Lenti Catalog - Jbonet | Mobilier Design et Bureau\",\"isPartOf\":{\"@id\":\"https:\\\/\\\/www.jbonet-mobilier.com\\\/en\\\/#website\"},\"primaryImageOfPage\":{\"@id\":\"https:\\\/\\\/www.jbonet-mobilier.com\\\/en\\\/paola-lenti-catalog\\\/#primaryimage\"},\"image\":{\"@id\":\"https:\\\/\\\/www.jbonet-mobilier.com\\\/en\\\/paola-lenti-catalog\\\/#primaryimage\"},\"thumbnailUrl\":\"https:\\\/\\\/www.jbonet-mobilier.com\\\/wp-content\\\/uploads\\\/2024\\\/04\\\/Frame-divano_PaolaLenti_02.jpg\",\"datePublished\":\"2024-05-20T15:17:35+00:00\",\"dateModified\":\"2026-03-02T16:39:39+00:00\",\"description\":\"Discover all the products from the prestigious Italian design furniture brand Cassina, available in Nice, Cannes, and Monaco at Jbonet.\",\"breadcrumb\":{\"@id\":\"https:\\\/\\\/www.jbonet-mobilier.com\\\/en\\\/paola-lenti-catalog\\\/#breadcrumb\"},\"inLanguage\":\"en-US\",\"potentialAction\":[{\"@type\":\"ReadAction\",\"target\":[\"https:\\\/\\\/www.jbonet-mobilier.com\\\/en\\\/paola-lenti-catalog\\\/\"]}]},{\"@type\":\"ImageObject\",\"inLanguage\":\"en-US\",\"@id\":\"https:\\\/\\\/www.jbonet-mobilier.com\\\/en\\\/paola-lenti-catalog\\\/#primaryimage\",\"url\":\"https:\\\/\\\/www.jbonet-mobilier.com\\\/wp-content\\\/uploads\\\/2024\\\/04\\\/Frame-divano_PaolaLenti_02.jpg\",\"contentUrl\":\"https:\\\/\\\/www.jbonet-mobilier.com\\\/wp-content\\\/uploads\\\/2024\\\/04\\\/Frame-divano_PaolaLenti_02.jpg\",\"width\":2215,\"height\":1193,\"caption\":\"Paola Lenti outdoor furniture\"},{\"@type\":\"BreadcrumbList\",\"@id\":\"https:\\\/\\\/www.jbonet-mobilier.com\\\/en\\\/paola-lenti-catalog\\\/#breadcrumb\",\"itemListElement\":[{\"@type\":\"ListItem\",\"position\":1,\"name\":\"Accueil\",\"item\":\"https:\\\/\\\/www.jbonet-mobilier.com\\\/en\\\/home\\\/\"},{\"@type\":\"ListItem\",\"position\":2,\"name\":\"Paola Lenti Catalog\"}]},{\"@type\":\"WebSite\",\"@id\":\"https:\\\/\\\/www.jbonet-mobilier.com\\\/en\\\/#website\",\"url\":\"https:\\\/\\\/www.jbonet-mobilier.com\\\/en\\\/\",\"name\":\"Jbonet mobilier\",\"description\":\"Jbonet Mobilier est sp\u00e9cialiste du design contemporain et de l&#039;am\u00e9nagement d&#039;espaces professionnels depuis 1975 \u00e0 Nice, Cannes, Monaco, Sophia Antipolis et alentours.\",\"publisher\":{\"@id\":\"https:\\\/\\\/www.jbonet-mobilier.com\\\/en\\\/#organization\"},\"alternateName\":\"Jbonet\",\"potentialAction\":[{\"@type\":\"SearchAction\",\"target\":{\"@type\":\"EntryPoint\",\"urlTemplate\":\"https:\\\/\\\/www.jbonet-mobilier.com\\\/en\\\/?s={search_term_string}\"},\"query-input\":{\"@type\":\"PropertyValueSpecification\",\"valueRequired\":true,\"valueName\":\"search_term_string\"}}],\"inLanguage\":\"en-US\"},{\"@type\":\"Organization\",\"@id\":\"https:\\\/\\\/www.jbonet-mobilier.com\\\/en\\\/#organization\",\"name\":\"Jbonet\",\"alternateName\":\"Jbonet mobilier\",\"url\":\"https:\\\/\\\/www.jbonet-mobilier.com\\\/en\\\/\",\"logo\":{\"@type\":\"ImageObject\",\"inLanguage\":\"en-US\",\"@id\":\"https:\\\/\\\/www.jbonet-mobilier.com\\\/en\\\/#\\\/schema\\\/logo\\\/image\\\/\",\"url\":\"https:\\\/\\\/www.jbonet-mobilier.com\\\/wp-content\\\/uploads\\\/2023\\\/01\\\/favicon-site-internet.png\",\"contentUrl\":\"https:\\\/\\\/www.jbonet-mobilier.com\\\/wp-content\\\/uploads\\\/2023\\\/01\\\/favicon-site-internet.png\",\"width\":512,\"height\":512,\"caption\":\"Jbonet\"},\"image\":{\"@id\":\"https:\\\/\\\/www.jbonet-mobilier.com\\\/en\\\/#\\\/schema\\\/logo\\\/image\\\/\"},\"sameAs\":[\"https:\\\/\\\/www.facebook.com\\\/jbonet.mobilier\\\/\",\"https:\\\/\\\/www.instagram.com\\\/jbonet_mobilier\\\/?hl=fr\",\"https:\\\/\\\/www.linkedin.com\\\/company\\\/3230729\",\"https:\\\/\\\/www.pinterest.fr\\\/JbonetDesign\\\/boards\\\/\"]}]}<\/script>\n<!-- \/ Yoast SEO plugin. -->","yoast_head_json":{"title":"Paola Lenti Catalog - Jbonet | Mobilier Design et Bureau","description":"Discover all the products from the prestigious Italian design furniture brand Cassina, available in Nice, Cannes, and Monaco at Jbonet.","robots":{"index":"index","follow":"follow","max-snippet":"max-snippet:-1","max-image-preview":"max-image-preview:large","max-video-preview":"max-video-preview:-1"},"canonical":"https:\/\/www.jbonet-mobilier.com\/en\/paola-lenti-catalog\/","og_locale":"en_US","og_type":"article","og_title":"Paola Lenti Catalog - Jbonet | Mobilier Design et Bureau","og_description":"Discover all the products from the prestigious Italian design furniture brand Cassina, available in Nice, Cannes, and Monaco at Jbonet.","og_url":"https:\/\/www.jbonet-mobilier.com\/en\/paola-lenti-catalog\/","og_site_name":"Jbonet | Mobilier Design et Bureau","article_publisher":"https:\/\/www.facebook.com\/jbonet.mobilier\/","article_modified_time":"2026-03-02T16:39:39+00:00","og_image":[{"width":2215,"height":1193,"url":"https:\/\/www.jbonet-mobilier.com\/wp-content\/uploads\/2024\/04\/Frame-divano_PaolaLenti_02.jpg","type":"image\/jpeg"}],"twitter_card":"summary_large_image","schema":{"@context":"https:\/\/schema.org","@graph":[{"@type":["WebPage","ItemPage"],"@id":"https:\/\/www.jbonet-mobilier.com\/en\/paola-lenti-catalog\/","url":"https:\/\/www.jbonet-mobilier.com\/en\/paola-lenti-catalog\/","name":"Paola Lenti Catalog - Jbonet | Mobilier Design et Bureau","isPartOf":{"@id":"https:\/\/www.jbonet-mobilier.com\/en\/#website"},"primaryImageOfPage":{"@id":"https:\/\/www.jbonet-mobilier.com\/en\/paola-lenti-catalog\/#primaryimage"},"image":{"@id":"https:\/\/www.jbonet-mobilier.com\/en\/paola-lenti-catalog\/#primaryimage"},"thumbnailUrl":"https:\/\/www.jbonet-mobilier.com\/wp-content\/uploads\/2024\/04\/Frame-divano_PaolaLenti_02.jpg","datePublished":"2024-05-20T15:17:35+00:00","dateModified":"2026-03-02T16:39:39+00:00","description":"Discover all the products from the prestigious Italian design furniture brand Cassina, available in Nice, Cannes, and Monaco at Jbonet.","breadcrumb":{"@id":"https:\/\/www.jbonet-mobilier.com\/en\/paola-lenti-catalog\/#breadcrumb"},"inLanguage":"en-US","potentialAction":[{"@type":"ReadAction","target":["https:\/\/www.jbonet-mobilier.com\/en\/paola-lenti-catalog\/"]}]},{"@type":"ImageObject","inLanguage":"en-US","@id":"https:\/\/www.jbonet-mobilier.com\/en\/paola-lenti-catalog\/#primaryimage","url":"https:\/\/www.jbonet-mobilier.com\/wp-content\/uploads\/2024\/04\/Frame-divano_PaolaLenti_02.jpg","contentUrl":"https:\/\/www.jbonet-mobilier.com\/wp-content\/uploads\/2024\/04\/Frame-divano_PaolaLenti_02.jpg","width":2215,"height":1193,"caption":"Paola Lenti outdoor furniture"},{"@type":"BreadcrumbList","@id":"https:\/\/www.jbonet-mobilier.com\/en\/paola-lenti-catalog\/#breadcrumb","itemListElement":[{"@type":"ListItem","position":1,"name":"Accueil","item":"https:\/\/www.jbonet-mobilier.com\/en\/home\/"},{"@type":"ListItem","position":2,"name":"Paola Lenti Catalog"}]},{"@type":"WebSite","@id":"https:\/\/www.jbonet-mobilier.com\/en\/#website","url":"https:\/\/www.jbonet-mobilier.com\/en\/","name":"Jbonet mobilier","description":"Jbonet Mobilier est sp\u00e9cialiste du design contemporain et de l&#039;am\u00e9nagement d&#039;espaces professionnels depuis 1975 \u00e0 Nice, Cannes, Monaco, Sophia Antipolis et alentours.","publisher":{"@id":"https:\/\/www.jbonet-mobilier.com\/en\/#organization"},"alternateName":"Jbonet","potentialAction":[{"@type":"SearchAction","target":{"@type":"EntryPoint","urlTemplate":"https:\/\/www.jbonet-mobilier.com\/en\/?s={search_term_string}"},"query-input":{"@type":"PropertyValueSpecification","valueRequired":true,"valueName":"search_term_string"}}],"inLanguage":"en-US"},{"@type":"Organization","@id":"https:\/\/www.jbonet-mobilier.com\/en\/#organization","name":"Jbonet","alternateName":"Jbonet mobilier","url":"https:\/\/www.jbonet-mobilier.com\/en\/","logo":{"@type":"ImageObject","inLanguage":"en-US","@id":"https:\/\/www.jbonet-mobilier.com\/en\/#\/schema\/logo\/image\/","url":"https:\/\/www.jbonet-mobilier.com\/wp-content\/uploads\/2023\/01\/favicon-site-internet.png","contentUrl":"https:\/\/www.jbonet-mobilier.com\/wp-content\/uploads\/2023\/01\/favicon-site-internet.png","width":512,"height":512,"caption":"Jbonet"},"image":{"@id":"https:\/\/www.jbonet-mobilier.com\/en\/#\/schema\/logo\/image\/"},"sameAs":["https:\/\/www.facebook.com\/jbonet.mobilier\/","https:\/\/www.instagram.com\/jbonet_mobilier\/?hl=fr","https:\/\/www.linkedin.com\/company\/3230729","https:\/\/www.pinterest.fr\/JbonetDesign\/boards\/"]}]}},"_links":{"self":[{"href":"https:\/\/www.jbonet-mobilier.com\/en\/wp-json\/wp\/v2\/pages\/83634","targetHints":{"allow":["GET"]}}],"collection":[{"href":"https:\/\/www.jbonet-mobilier.com\/en\/wp-json\/wp\/v2\/pages"}],"about":[{"href":"https:\/\/www.jbonet-mobilier.com\/en\/wp-json\/wp\/v2\/types\/page"}],"author":[{"embeddable":true,"href":"https:\/\/www.jbonet-mobilier.com\/en\/wp-json\/wp\/v2\/users\/5"}],"replies":[{"embeddable":true,"href":"https:\/\/www.jbonet-mobilier.com\/en\/wp-json\/wp\/v2\/comments?post=83634"}],"version-history":[{"count":0,"href":"https:\/\/www.jbonet-mobilier.com\/en\/wp-json\/wp\/v2\/pages\/83634\/revisions"}],"wp:featuredmedia":[{"embeddable":true,"href":"https:\/\/www.jbonet-mobilier.com\/en\/wp-json\/wp\/v2\/media\/83635"}],"wp:attachment":[{"href":"https:\/\/www.jbonet-mobilier.com\/en\/wp-json\/wp\/v2\/media?parent=83634"}],"curies":[{"name":"wp","href":"https:\/\/api.w.org\/{rel}","templated":true}]}}