{"id":83639,"date":"2023-04-14T14:15:43","date_gmt":"2023-04-14T12:15:43","guid":{"rendered":"https:\/\/www.jbonet-mobilier.com\/legal-notice\/"},"modified":"2026-03-02T17:39:41","modified_gmt":"2026-03-02T16:39:41","slug":"legal-notice","status":"publish","type":"page","link":"https:\/\/www.jbonet-mobilier.com\/en\/legal-notice\/","title":{"rendered":"Legal Notice"},"content":{"rendered":"\t\t<div data-elementor-type=\"wp-page\" data-elementor-id=\"83639\" class=\"elementor elementor-83639 elementor-79389\" data-elementor-post-type=\"page\">\n\t\t\t\t\t\t<section class=\"elementor-section elementor-top-section elementor-element elementor-element-1f1fa7a elementor-section-boxed elementor-section-height-default elementor-section-height-default\" data-id=\"1f1fa7a\" data-element_type=\"section\" data-e-type=\"section\">\n\t\t\t\t\t\t<div class=\"elementor-container elementor-column-gap-default\">\n\t\t\t\t\t<div class=\"elementor-column elementor-col-100 elementor-top-column elementor-element elementor-element-b7f9a31\" data-id=\"b7f9a31\" data-element_type=\"column\" data-e-type=\"column\">\n\t\t\t<div class=\"elementor-widget-wrap elementor-element-populated\">\n\t\t\t\t\t\t\t<\/div>\n\t\t<\/div>\n\t\t\t\t\t<\/div>\n\t\t<\/section>\n\t\t\t\t<section class=\"elementor-section elementor-top-section elementor-element elementor-element-baf40ca elementor-section-stretched elementor-section-boxed elementor-section-height-default elementor-section-height-default\" data-id=\"baf40ca\" data-element_type=\"section\" data-e-type=\"section\" data-settings=\"{&quot;stretch_section&quot;:&quot;section-stretched&quot;}\">\n\t\t\t\t\t\t<div class=\"elementor-container elementor-column-gap-default\">\n\t\t\t\t\t<div class=\"elementor-column elementor-col-100 elementor-top-column elementor-element elementor-element-5ea5728\" data-id=\"5ea5728\" data-element_type=\"column\" data-e-type=\"column\">\n\t\t\t<div class=\"elementor-widget-wrap elementor-element-populated\">\n\t\t\t\t\t\t<div class=\"elementor-element elementor-element-8447f6c elementor-widget elementor-widget-heading\" data-id=\"8447f6c\" data-element_type=\"widget\" data-e-type=\"widget\" data-widget_type=\"heading.default\">\n\t\t\t\t<div class=\"elementor-widget-container\">\n\t\t\t\t\t<h1 class=\"elementor-heading-title elementor-size-default\">Legal Notice<\/h1>\t\t\t\t<\/div>\n\t\t\t\t<\/div>\n\t\t\t\t\t<\/div>\n\t\t<\/div>\n\t\t\t\t\t<\/div>\n\t\t<\/section>\n\t\t\t\t<section class=\"elementor-section elementor-top-section elementor-element elementor-element-73df18d elementor-section-stretched elementor-section-boxed elementor-section-height-default elementor-section-height-default\" data-id=\"73df18d\" data-element_type=\"section\" data-e-type=\"section\" data-settings=\"{&quot;stretch_section&quot;:&quot;section-stretched&quot;}\">\n\t\t\t\t\t\t<div class=\"elementor-container elementor-column-gap-default\">\n\t\t\t\t\t<div class=\"elementor-column elementor-col-100 elementor-top-column elementor-element elementor-element-ef11a94\" data-id=\"ef11a94\" data-element_type=\"column\" data-e-type=\"column\">\n\t\t\t<div class=\"elementor-widget-wrap\">\n\t\t\t\t\t\t\t<\/div>\n\t\t<\/div>\n\t\t\t\t\t<\/div>\n\t\t<\/section>\n\t\t\t\t<section class=\"elementor-section elementor-top-section elementor-element elementor-element-0708571 elementor-section-boxed elementor-section-height-default elementor-section-height-default\" data-id=\"0708571\" data-element_type=\"section\" data-e-type=\"section\">\n\t\t\t\t\t\t<div class=\"elementor-container elementor-column-gap-default\">\n\t\t\t\t\t<div class=\"elementor-column elementor-col-100 elementor-top-column elementor-element elementor-element-8f2e0e3\" data-id=\"8f2e0e3\" data-element_type=\"column\" data-e-type=\"column\">\n\t\t\t<div class=\"elementor-widget-wrap elementor-element-populated\">\n\t\t\t\t\t\t<div class=\"elementor-element elementor-element-5a3c849 elementor-widget elementor-widget-text-editor\" data-id=\"5a3c849\" data-element_type=\"widget\" data-e-type=\"widget\" data-widget_type=\"text-editor.default\">\n\t\t\t\t<div class=\"elementor-widget-container\">\n\t\t\t\t\t\t\t\t\t<p><strong><em>Effective as of March 18, 2020<\/em><\/strong><\/p><p>In accordance with the provisions of Articles 6-III and 19 of Law No. 2004-575 of June 21, 2004 on Confidence in the Digital Economy, known as L.C.E.N., the following legal notice is brought to the attention of users of the website <em>www.jbonet-mobilier.com<\/em>.<\/p><p>Welcome to the Jbonet website, <strong>www.jbonet-mobilier.com<\/strong>. By accessing or using our website, you acknowledge that you have read, understood, and accepted, without limitation or reservation, this legal notice, the terms of use, and our policy on the protection of personal data and cookies. The terms of use may be modified or supplemented at any time; users of the jbonet-mobilier.com website are therefore invited to consult them regularly.  <\/p><p>These are accessible on the website under the &#8220;Legal Notice&#8221; section.<\/p><p><strong>ARTICLE 1: THE PUBLISHER<\/strong><\/p><p>The jbonet-mobilier.com website is published by <strong>Etablissements J.Bonet<\/strong>, a limited liability company with capital of \u20ac50,000, whose registered office is located at 25 rue Scali\u00e9ro \u2013 06300 Nice, registered with the Nice Trade and Companies Register under number 958 807 430<\/p><ul><li>telephone number 04 92 00 36 66<\/li><\/ul><ul><li>email address: <strong><u>info@jbonet-mobilier.com<\/u><\/strong><strong>.<\/strong><\/li><\/ul><p>The Publication Director is Mr. Gilles BENHAMOU.<\/p><p><strong>ARTICLE 2: THE HOST<\/strong><\/p><p>The host of the www.jbonet-mobilier.com website is <strong>WPENGINE<\/strong>, whose headquarters are located at Irongate House, 22-30 Duke&#8217;s Place London, EC3A 7LP UNITED KINGDOM with telephone number 020 3770 9704, website www.wpengine.com<\/p><p><strong>ARTICLE 3: WEBSITE ACCESS<\/strong><\/p><p>The website is accessible from anywhere, 7 days a week, 24 hours a day, except in cases of force majeure, scheduled or unscheduled interruptions that may result from maintenance requirements.<\/p><p>In the event of modification, interruption, or suspension of services, the website <em>www.jbonet-mobilier.com<\/em> cannot be held responsible.<\/p><p><strong>ARTICLE 4: DATA COLLECTION<\/strong><\/p><p>The website ensures that the user&#8217;s personal information is collected and processed in compliance with privacy laws in accordance with Law No. 78-17 of January 6, 1978 relating to data processing, files, and freedoms, and European Regulation No. 2016\/679, known as the General Data Protection Regulation (GDPR).<\/p><p>Under the Data Protection Act of January 6, 1978 and the GDPR, users have the right to access, rectify, delete, and object to the processing of their personal data. Users may exercise this right by email at rgpd@jbonet.fr. <\/p><p>For more information on the protection of your personal data, please consult the &#8220;<a href=\"https:\/\/www.jbonet-mobilier.com\/politique-de-confidentialite\/\"><strong>Privacy Policy<\/strong><\/a>&#8221; section of the website.<\/p><p><strong>ARTICLE 5: COOKIES<\/strong><\/p><p>Users are informed that during their visits to the website, a cookie may be automatically installed on their browsing software.<\/p><p>By browsing the website, they accept them.<\/p><p>A cookie is a small file that does not allow user identification but records information related to a computer&#8217;s browsing on a website. The data obtained is intended to facilitate subsequent browsing on the website and is also used to enable various traffic measurements.<br>Refusing to install a cookie may result in the inability to access certain services. However, users can configure their computer as follows to refuse the installation of cookies:  <\/p><p>In Chrome: Settings tab \/ Show advanced settings<\/p><ul><li>To enable cookies, select Allow local data to be set (recommended).<\/li><li>To disable cookies, select Block sites from setting any data.<\/li><li>Click OK to save.<\/li><\/ul><p>In Internet Explorer: Tools tab \/ Internet options.<\/p><ul><li>Click on Privacy and choose Block All Cookies.<\/li><li>Click OK to confirm.<\/li><\/ul><p><strong>ARTICLE 6: INTELLECTUAL PROPERTY<\/strong><\/p><p>Any use, reproduction, distribution, commercialization, or modification of all or part of the website <em>www.jbonet-mobilier.com<\/em> without authorization from the Publisher is prohibited and may result in legal actions and proceedings as provided for in the Intellectual Property Code and the Civil Code.<\/p><p><strong>ARTICLE 7: LINKS<\/strong><\/p><p>The website may include links to other websites or other internet sources. To the extent that Jbonet cannot control these websites and external sources, Jbonet cannot be held responsible for the provision of these websites and external sources, and cannot accept any responsibility for the content, advertisements, products, services, or any other material available on or from these websites or external sources. <\/p><p><strong>ARTICLE 8: APPLICABLE LAW AND JURISDICTION<\/strong><\/p><p>Any dispute relating to the use of the jbonet-mobilier.com website is subject to French law.<br>In the event of a dispute, French courts shall have sole jurisdiction.<\/p><p><strong>ARTICLE 9: PHOTO CREDITS<\/strong><\/p><p><strong data-start=\"2045\" data-end=\"2072\">Photographs \/ visuals<\/strong>: The photographs and visuals presented on this website are protected by copyright and\/or trademark law. They are used with the authorization of their rights holders (suppliers, photographers, agencies). Any reproduction, representation, modification, or distribution, in whole or in part, without prior authorization is prohibited. Credits: @SUPPLIER BRANDS   <\/p>\t\t\t\t\t\t\t\t<\/div>\n\t\t\t\t<\/div>\n\t\t\t\t\t<\/div>\n\t\t<\/div>\n\t\t\t\t\t<\/div>\n\t\t<\/section>\n\t\t\t\t<section class=\"elementor-section elementor-top-section elementor-element elementor-element-a93877b elementor-section-boxed elementor-section-height-default elementor-section-height-default\" data-id=\"a93877b\" data-element_type=\"section\" data-e-type=\"section\">\n\t\t\t\t\t\t<div class=\"elementor-container elementor-column-gap-default\">\n\t\t\t\t\t<div class=\"elementor-column elementor-col-100 elementor-top-column elementor-element elementor-element-c1d9603\" data-id=\"c1d9603\" data-element_type=\"column\" data-e-type=\"column\">\n\t\t\t<div class=\"elementor-widget-wrap elementor-element-populated\">\n\t\t\t\t\t\t\t<\/div>\n\t\t<\/div>\n\t\t\t\t\t<\/div>\n\t\t<\/section>\n\t\t\t\t<\/div>\n\t\t","protected":false},"excerpt":{"rendered":"<p>Legal Notice Effective as of March 18, 2020 In accordance with the provisions of Articles 6-III and 19 of Law No. 2004-575 of June 21, 2004 on Confidence in the Digital Economy, known as L.C.E.N., the following legal notice is brought to the attention of users of the website www.jbonet-mobilier.com. Welcome to the Jbonet website,&hellip;<\/p>\n","protected":false},"author":5,"featured_media":0,"parent":0,"menu_order":0,"comment_status":"closed","ping_status":"closed","template":"","meta":{"footnotes":""},"class_list":["post-83639","page","type-page","status-publish","hentry"],"yoast_head":"<!-- This site is optimized with the Yoast SEO plugin v27.5 - https:\/\/yoast.com\/product\/yoast-seo-wordpress\/ -->\n<title>Legal Notice - Jbonet | Mobilier Design et Bureau<\/title>\n<meta name=\"description\" content=\"Here is the legal notice for our website, including all intellectual property and data privacy information.\" \/>\n<meta name=\"robots\" content=\"index, follow, max-snippet:-1, max-image-preview:large, max-video-preview:-1\" \/>\n<link rel=\"canonical\" href=\"https:\/\/www.jbonet-mobilier.com\/en\/legal-notice\/\" \/>\n<meta property=\"og:locale\" content=\"en_US\" \/>\n<meta property=\"og:type\" content=\"article\" \/>\n<meta property=\"og:title\" content=\"Legal Notice - Jbonet | Mobilier Design et Bureau\" \/>\n<meta property=\"og:description\" content=\"Here is the legal notice for our website, including all intellectual property and data privacy information.\" \/>\n<meta property=\"og:url\" content=\"https:\/\/www.jbonet-mobilier.com\/en\/legal-notice\/\" \/>\n<meta property=\"og:site_name\" content=\"Jbonet | Mobilier Design et Bureau\" \/>\n<meta property=\"article:publisher\" content=\"https:\/\/www.facebook.com\/jbonet.mobilier\/\" \/>\n<meta property=\"article:modified_time\" content=\"2026-03-02T16:39:41+00:00\" \/>\n<meta name=\"twitter:card\" content=\"summary_large_image\" \/>\n<meta name=\"twitter:label1\" content=\"Est. reading time\" \/>\n\t<meta name=\"twitter:data1\" content=\"4 minutes\" \/>\n<script type=\"application\/ld+json\" class=\"yoast-schema-graph\">{\"@context\":\"https:\\\/\\\/schema.org\",\"@graph\":[{\"@type\":[\"WebPage\",\"ItemPage\"],\"@id\":\"https:\\\/\\\/www.jbonet-mobilier.com\\\/en\\\/legal-notice\\\/\",\"url\":\"https:\\\/\\\/www.jbonet-mobilier.com\\\/en\\\/legal-notice\\\/\",\"name\":\"Legal Notice - Jbonet | Mobilier Design et Bureau\",\"isPartOf\":{\"@id\":\"https:\\\/\\\/www.jbonet-mobilier.com\\\/en\\\/#website\"},\"datePublished\":\"2023-04-14T12:15:43+00:00\",\"dateModified\":\"2026-03-02T16:39:41+00:00\",\"description\":\"Here is the legal notice for our website, including all intellectual property and data privacy information.\",\"breadcrumb\":{\"@id\":\"https:\\\/\\\/www.jbonet-mobilier.com\\\/en\\\/legal-notice\\\/#breadcrumb\"},\"inLanguage\":\"en-US\",\"potentialAction\":[{\"@type\":\"ReadAction\",\"target\":[\"https:\\\/\\\/www.jbonet-mobilier.com\\\/en\\\/legal-notice\\\/\"]}]},{\"@type\":\"BreadcrumbList\",\"@id\":\"https:\\\/\\\/www.jbonet-mobilier.com\\\/en\\\/legal-notice\\\/#breadcrumb\",\"itemListElement\":[{\"@type\":\"ListItem\",\"position\":1,\"name\":\"Accueil\",\"item\":\"https:\\\/\\\/www.jbonet-mobilier.com\\\/en\\\/home\\\/\"},{\"@type\":\"ListItem\",\"position\":2,\"name\":\"Legal Notice\"}]},{\"@type\":\"WebSite\",\"@id\":\"https:\\\/\\\/www.jbonet-mobilier.com\\\/en\\\/#website\",\"url\":\"https:\\\/\\\/www.jbonet-mobilier.com\\\/en\\\/\",\"name\":\"Jbonet mobilier\",\"description\":\"Jbonet Mobilier est sp\u00e9cialiste du design contemporain et de l&#039;am\u00e9nagement d&#039;espaces professionnels depuis 1975 \u00e0 Nice, Cannes, Monaco, Sophia Antipolis et alentours.\",\"publisher\":{\"@id\":\"https:\\\/\\\/www.jbonet-mobilier.com\\\/en\\\/#organization\"},\"alternateName\":\"Jbonet\",\"potentialAction\":[{\"@type\":\"SearchAction\",\"target\":{\"@type\":\"EntryPoint\",\"urlTemplate\":\"https:\\\/\\\/www.jbonet-mobilier.com\\\/en\\\/?s={search_term_string}\"},\"query-input\":{\"@type\":\"PropertyValueSpecification\",\"valueRequired\":true,\"valueName\":\"search_term_string\"}}],\"inLanguage\":\"en-US\"},{\"@type\":\"Organization\",\"@id\":\"https:\\\/\\\/www.jbonet-mobilier.com\\\/en\\\/#organization\",\"name\":\"Jbonet\",\"alternateName\":\"Jbonet mobilier\",\"url\":\"https:\\\/\\\/www.jbonet-mobilier.com\\\/en\\\/\",\"logo\":{\"@type\":\"ImageObject\",\"inLanguage\":\"en-US\",\"@id\":\"https:\\\/\\\/www.jbonet-mobilier.com\\\/en\\\/#\\\/schema\\\/logo\\\/image\\\/\",\"url\":\"https:\\\/\\\/www.jbonet-mobilier.com\\\/wp-content\\\/uploads\\\/2023\\\/01\\\/favicon-site-internet.png\",\"contentUrl\":\"https:\\\/\\\/www.jbonet-mobilier.com\\\/wp-content\\\/uploads\\\/2023\\\/01\\\/favicon-site-internet.png\",\"width\":512,\"height\":512,\"caption\":\"Jbonet\"},\"image\":{\"@id\":\"https:\\\/\\\/www.jbonet-mobilier.com\\\/en\\\/#\\\/schema\\\/logo\\\/image\\\/\"},\"sameAs\":[\"https:\\\/\\\/www.facebook.com\\\/jbonet.mobilier\\\/\",\"https:\\\/\\\/www.instagram.com\\\/jbonet_mobilier\\\/?hl=fr\",\"https:\\\/\\\/www.linkedin.com\\\/company\\\/3230729\",\"https:\\\/\\\/www.pinterest.fr\\\/JbonetDesign\\\/boards\\\/\"]}]}<\/script>\n<!-- \/ Yoast SEO plugin. -->","yoast_head_json":{"title":"Legal Notice - Jbonet | Mobilier Design et Bureau","description":"Here is the legal notice for our website, including all intellectual property and data privacy information.","robots":{"index":"index","follow":"follow","max-snippet":"max-snippet:-1","max-image-preview":"max-image-preview:large","max-video-preview":"max-video-preview:-1"},"canonical":"https:\/\/www.jbonet-mobilier.com\/en\/legal-notice\/","og_locale":"en_US","og_type":"article","og_title":"Legal Notice - Jbonet | Mobilier Design et Bureau","og_description":"Here is the legal notice for our website, including all intellectual property and data privacy information.","og_url":"https:\/\/www.jbonet-mobilier.com\/en\/legal-notice\/","og_site_name":"Jbonet | Mobilier Design et Bureau","article_publisher":"https:\/\/www.facebook.com\/jbonet.mobilier\/","article_modified_time":"2026-03-02T16:39:41+00:00","twitter_card":"summary_large_image","twitter_misc":{"Est. reading time":"4 minutes"},"schema":{"@context":"https:\/\/schema.org","@graph":[{"@type":["WebPage","ItemPage"],"@id":"https:\/\/www.jbonet-mobilier.com\/en\/legal-notice\/","url":"https:\/\/www.jbonet-mobilier.com\/en\/legal-notice\/","name":"Legal Notice - Jbonet | Mobilier Design et Bureau","isPartOf":{"@id":"https:\/\/www.jbonet-mobilier.com\/en\/#website"},"datePublished":"2023-04-14T12:15:43+00:00","dateModified":"2026-03-02T16:39:41+00:00","description":"Here is the legal notice for our website, including all intellectual property and data privacy information.","breadcrumb":{"@id":"https:\/\/www.jbonet-mobilier.com\/en\/legal-notice\/#breadcrumb"},"inLanguage":"en-US","potentialAction":[{"@type":"ReadAction","target":["https:\/\/www.jbonet-mobilier.com\/en\/legal-notice\/"]}]},{"@type":"BreadcrumbList","@id":"https:\/\/www.jbonet-mobilier.com\/en\/legal-notice\/#breadcrumb","itemListElement":[{"@type":"ListItem","position":1,"name":"Accueil","item":"https:\/\/www.jbonet-mobilier.com\/en\/home\/"},{"@type":"ListItem","position":2,"name":"Legal Notice"}]},{"@type":"WebSite","@id":"https:\/\/www.jbonet-mobilier.com\/en\/#website","url":"https:\/\/www.jbonet-mobilier.com\/en\/","name":"Jbonet mobilier","description":"Jbonet Mobilier est sp\u00e9cialiste du design contemporain et de l&#039;am\u00e9nagement d&#039;espaces professionnels depuis 1975 \u00e0 Nice, Cannes, Monaco, Sophia Antipolis et alentours.","publisher":{"@id":"https:\/\/www.jbonet-mobilier.com\/en\/#organization"},"alternateName":"Jbonet","potentialAction":[{"@type":"SearchAction","target":{"@type":"EntryPoint","urlTemplate":"https:\/\/www.jbonet-mobilier.com\/en\/?s={search_term_string}"},"query-input":{"@type":"PropertyValueSpecification","valueRequired":true,"valueName":"search_term_string"}}],"inLanguage":"en-US"},{"@type":"Organization","@id":"https:\/\/www.jbonet-mobilier.com\/en\/#organization","name":"Jbonet","alternateName":"Jbonet mobilier","url":"https:\/\/www.jbonet-mobilier.com\/en\/","logo":{"@type":"ImageObject","inLanguage":"en-US","@id":"https:\/\/www.jbonet-mobilier.com\/en\/#\/schema\/logo\/image\/","url":"https:\/\/www.jbonet-mobilier.com\/wp-content\/uploads\/2023\/01\/favicon-site-internet.png","contentUrl":"https:\/\/www.jbonet-mobilier.com\/wp-content\/uploads\/2023\/01\/favicon-site-internet.png","width":512,"height":512,"caption":"Jbonet"},"image":{"@id":"https:\/\/www.jbonet-mobilier.com\/en\/#\/schema\/logo\/image\/"},"sameAs":["https:\/\/www.facebook.com\/jbonet.mobilier\/","https:\/\/www.instagram.com\/jbonet_mobilier\/?hl=fr","https:\/\/www.linkedin.com\/company\/3230729","https:\/\/www.pinterest.fr\/JbonetDesign\/boards\/"]}]}},"_links":{"self":[{"href":"https:\/\/www.jbonet-mobilier.com\/en\/wp-json\/wp\/v2\/pages\/83639","targetHints":{"allow":["GET"]}}],"collection":[{"href":"https:\/\/www.jbonet-mobilier.com\/en\/wp-json\/wp\/v2\/pages"}],"about":[{"href":"https:\/\/www.jbonet-mobilier.com\/en\/wp-json\/wp\/v2\/types\/page"}],"author":[{"embeddable":true,"href":"https:\/\/www.jbonet-mobilier.com\/en\/wp-json\/wp\/v2\/users\/5"}],"replies":[{"embeddable":true,"href":"https:\/\/www.jbonet-mobilier.com\/en\/wp-json\/wp\/v2\/comments?post=83639"}],"version-history":[{"count":0,"href":"https:\/\/www.jbonet-mobilier.com\/en\/wp-json\/wp\/v2\/pages\/83639\/revisions"}],"wp:attachment":[{"href":"https:\/\/www.jbonet-mobilier.com\/en\/wp-json\/wp\/v2\/media?parent=83639"}],"curies":[{"name":"wp","href":"https:\/\/api.w.org\/{rel}","templated":true}]}}