{"id":83640,"date":"2023-04-14T14:11:07","date_gmt":"2023-04-14T12:11:07","guid":{"rendered":"https:\/\/www.jbonet-mobilier.com\/privacy-policy\/"},"modified":"2026-03-02T17:39:41","modified_gmt":"2026-03-02T16:39:41","slug":"privacy-policy","status":"publish","type":"page","link":"https:\/\/www.jbonet-mobilier.com\/en\/privacy-policy\/","title":{"rendered":"Privacy Policy"},"content":{"rendered":"\t\t<div data-elementor-type=\"wp-page\" data-elementor-id=\"83640\" class=\"elementor elementor-83640 elementor-79386\" data-elementor-post-type=\"page\">\n\t\t\t\t\t\t<section class=\"elementor-section elementor-top-section elementor-element elementor-element-dc5609a elementor-section-stretched elementor-section-boxed elementor-section-height-default elementor-section-height-default\" data-id=\"dc5609a\" data-element_type=\"section\" data-e-type=\"section\" data-settings=\"{&quot;stretch_section&quot;:&quot;section-stretched&quot;}\">\n\t\t\t\t\t\t<div class=\"elementor-container elementor-column-gap-default\">\n\t\t\t\t\t<div class=\"elementor-column elementor-col-100 elementor-top-column elementor-element elementor-element-4c1241b\" data-id=\"4c1241b\" data-element_type=\"column\" data-e-type=\"column\">\n\t\t\t<div class=\"elementor-widget-wrap elementor-element-populated\">\n\t\t\t\t\t\t<div class=\"elementor-element elementor-element-eb0f10f elementor-widget elementor-widget-heading\" data-id=\"eb0f10f\" data-element_type=\"widget\" data-e-type=\"widget\" data-widget_type=\"heading.default\">\n\t\t\t\t<div class=\"elementor-widget-container\">\n\t\t\t\t\t<h1 class=\"elementor-heading-title elementor-size-default\">Privacy Policy<\/h1>\t\t\t\t<\/div>\n\t\t\t\t<\/div>\n\t\t\t\t<div class=\"elementor-element elementor-element-3efd14e elementor-widget elementor-widget-spacer\" data-id=\"3efd14e\" data-element_type=\"widget\" data-e-type=\"widget\" data-widget_type=\"spacer.default\">\n\t\t\t\t<div class=\"elementor-widget-container\">\n\t\t\t\t\t\t\t<div class=\"elementor-spacer\">\n\t\t\t<div class=\"elementor-spacer-inner\"><\/div>\n\t\t<\/div>\n\t\t\t\t\t\t<\/div>\n\t\t\t\t<\/div>\n\t\t\t\t<div class=\"elementor-element elementor-element-855436b elementor-widget elementor-widget-text-editor\" data-id=\"855436b\" data-element_type=\"widget\" data-e-type=\"widget\" data-widget_type=\"text-editor.default\">\n\t\t\t\t<div class=\"elementor-widget-container\">\n\t\t\t\t\t\t\t\t\t<ol><li><strong>IDENTITY OF THE DATA CONTROLLER<\/strong><\/li><\/ol><p>The data controller is <strong>Etablissements J.Bonet<\/strong>, a limited liability company with capital of 50,000 euros, whose registered office is located at 25 rue Scali\u00e9ro \u2013 06300 Nice, registered with the Nice Trade and Companies Register under number 958 807 430, Contact: 04 92 00 36 66 \u2013 <strong><u>info@jbonet-mobilier.com<\/u><\/strong><\/p><ol start=\"2\"><li><strong> PURPOSES OF PROCESSING<\/strong><\/li><\/ol><p>The company <strong>Etablissements J.Bonet<\/strong> (identified in Article 1 of the <a href=\"https:\/\/www.jbonet-mobilier.com\/en\/?page_id=83639\"><strong>legal notices<\/strong><\/a>) may process your Personal Information:<\/p><ul><li>for the purpose of providing you with the information or services you have requested (including: sending the Newsletter, SMS campaigns, commercial offers, mailing campaigns); and\/or<\/li><li>for the purpose of collecting information enabling us to improve our Site, our products and services (particularly through cookies); and\/or<\/li><li>for the purpose of contacting you about various events related to Jbonet, including product updates.<\/li><\/ul><ol start=\"3\"><li><strong> INFORMATION COLLECTION<\/strong><\/li><\/ol><p>We collect information when you register on our site, when you log in to your account, download content, participate in an event, and\/or when you log out. The information collected includes your name, first name, email address, telephone number, and company name. <\/p><p>In addition, we automatically receive and record information from your computer and browser, including your IP address, your hardware, and the page you request.<\/p><ol start=\"4\"><li><strong>RECIPIENT<\/strong><\/li><\/ol><p>We are the sole owners of the information collected on this site. Your personal information will not be sold, exchanged, transferred, or given to any other company for any reason without your consent, except as necessary to respond to a request. <\/p><ol start=\"5\"><li><strong>USE OF INFORMATION<\/strong><\/li><\/ol><p>All information we collect from you may be used to:<\/p><ul><li>Personalize your experience and meet your individual needs<\/li><li>Provide personalized advertising content<\/li><li>Improve our website<\/li><li>Improve customer service and your support needs<\/li><li>Contact you by email or telephone<\/li><li>Send you content by email<\/li><li>Invite you to events<\/li><\/ul><ol start=\"6\"><li><strong> DISCLOSURE TO THIRD PARTIES<\/strong><\/li><\/ol><p>We do not sell, exchange, or transfer your personally identifiable information to third parties. This does not include trusted third parties who assist us in operating our website or conducting our business, as long as those parties agree to keep this information confidential. <\/p><p>We believe it is necessary to share information in order to investigate, prevent, or take action regarding illegal activities, suspected fraud, situations involving potential threats to the physical safety of any person, violations of our terms of use, or when required by law. Non-private information, however, may be provided to other parties for marketing, advertising, or other uses. <\/p><ol start=\"7\"><li><strong> INFORMATION PROTECTION<\/strong><\/li><\/ol><p>We implement a variety of security measures to preserve the security of your personal information. We use state-of-the-art encryption to protect sensitive information transmitted online. We also protect your information offline. Only employees who need to perform a specific job (for example, billing or customer service) have access to personally identifiable information. The computers and servers used to store personally identifiable information are kept in a secure environment.    <\/p><p>Do we use cookies?<\/p><p>Yes. Our cookies improve access to our site and identify regular visitors. In addition, our cookies enhance the user experience through tracking and targeting their interests. However, this use of cookies is in no way linked to personally identifiable information on our site.   <\/p><ol start=\"8\"><li><strong> RETENTION PERIOD<\/strong><\/li><\/ol><p>Your Personal Information is retained by Jbonet only for the time corresponding to the purpose of collection as indicated in 2 above, which shall in no event exceed 24 months.<\/p><ol start=\"9\"><li><strong> YOUR RIGHTS REGARDING YOUR DATA<\/strong><\/li><\/ol><p>Within the limits and reservations provided by law, you have rights regarding the data concerning you (Articles 15 to 20 of the GDPR). These rights are: <\/p><ul><li>the right to obtain confirmation that your data is being processed by Jbonet and the methods of processing this data.<\/li><li>the right to access your data.<\/li><li>the right to rectify data that is inaccurate or incomplete.<\/li><li>the right to request the erasure of data that no longer needs to be retained.<\/li><li>the right to decide the fate of your post-mortem data, with a trusted third party certified by the CNIL.<\/li><li>the right to restriction of processing of your data if your data was being used<\/li><li>the right to notification of updates to your data<\/li><li>the right to portability of data you have provided through automated processes.<\/li><li>the right to object on legitimate grounds to the processing of your data, or simply to commercial prospecting.<\/li><\/ul><p>To exercise these rights, you must provide proof of your identity and make the request by email to <a href=\"mailto:rgpd@jbonet.fr\"><strong>rgpd@jbonet.fr<\/strong><\/a><\/p><ol start=\"10\"><li><strong> RIGHT TO RECTIFICATION OF DATA<\/strong><\/li><\/ol><p>Under this right, legislation authorizes you to request the rectification, updating, locking, or erasure of data concerning you that may prove to be inaccurate, erroneous, incomplete, or obsolete.<\/p><p>You may also define general and specific directives regarding the fate of personal data after your death. Where applicable, the heirs of a deceased person may require that the death of their relative be taken into account and\/or that necessary updates be made. <\/p><p>To assist you in your process, particularly if you wish to exercise, on your own behalf or on behalf of one of your deceased relatives, your right to rectification through a written request to the postal address mentioned in point 1, you will find by clicking on the following link a model letter prepared by the CNIL. <a href=\"https:\/\/www.cnil.fr\/fr\/modele\/courrier\/rectifier-des-donnees-incompletes\">https:\/\/www.cnil.fr\/fr\/modele\/courrier\/rectifier-des-donnees-inexactes-obsoletes-ou-perimees<\/a><\/p><ol start=\"11\"><li><strong> RIGHT TO OBJECT<\/strong><\/li><\/ol><p>The exercise of this right is only possible in one of the following two situations:<\/p><ul><li>When the exercise of this right is based on legitimate grounds; or<\/li><li>When the exercise of this right aims to prevent the collected data from being used for commercial prospecting purposes.<\/li><\/ul><p>To assist you in your process, particularly if you wish to exercise your right to object through a written request sent to the postal address indicated in point 1, you will find by clicking on the following link a model letter prepared by the CNIL. <a href=\"https:\/\/www.cnil.fr\/fr\/modele\/courrier\/supprimer-des-informations-vous-concernant-dun-site-internet\">https:\/\/www.cnil.fr\/fr\/modele\/courrier\/supprimer-des-informations-vous-concernant-dun-site-internet<\/a><\/p><ol start=\"12\"><li><strong> RESPONSE TIME<\/strong><\/li><\/ol><p>Jbonet undertakes to respond to your request for access, rectification, objection, or any other additional request for information within a reasonable time that shall not exceed 1 month from receipt of your request.<\/p><ol start=\"13\"><li><strong> UNSUBSCRIBE<\/strong><\/li><\/ol><p>We use the email address you provide to send you information and updates related to our marketing activities, occasional company news, information about related products, etc. If at any time you wish to unsubscribe and no longer receive emails, detailed unsubscribe instructions are included at the bottom of each email. <\/p><ol start=\"14\"><li><strong> CONSENT<\/strong><\/li><\/ol><p>By using our site, you consent to our privacy policy.<\/p>\t\t\t\t\t\t\t\t<\/div>\n\t\t\t\t<\/div>\n\t\t\t\t\t<\/div>\n\t\t<\/div>\n\t\t\t\t\t<\/div>\n\t\t<\/section>\n\t\t\t\t<section class=\"elementor-section elementor-top-section elementor-element elementor-element-4b9d4b7 elementor-section-boxed elementor-section-height-default elementor-section-height-default\" data-id=\"4b9d4b7\" data-element_type=\"section\" data-e-type=\"section\">\n\t\t\t\t\t\t<div class=\"elementor-container elementor-column-gap-default\">\n\t\t\t\t\t<div class=\"elementor-column elementor-col-100 elementor-top-column elementor-element elementor-element-abafad1\" data-id=\"abafad1\" data-element_type=\"column\" data-e-type=\"column\">\n\t\t\t<div class=\"elementor-widget-wrap elementor-element-populated\">\n\t\t\t\t\t\t<div class=\"elementor-element elementor-element-6474b82 elementor-widget elementor-widget-spacer\" data-id=\"6474b82\" data-element_type=\"widget\" data-e-type=\"widget\" data-widget_type=\"spacer.default\">\n\t\t\t\t<div class=\"elementor-widget-container\">\n\t\t\t\t\t\t\t<div class=\"elementor-spacer\">\n\t\t\t<div class=\"elementor-spacer-inner\"><\/div>\n\t\t<\/div>\n\t\t\t\t\t\t<\/div>\n\t\t\t\t<\/div>\n\t\t\t\t\t<\/div>\n\t\t<\/div>\n\t\t\t\t\t<\/div>\n\t\t<\/section>\n\t\t\t\t<\/div>\n\t\t","protected":false},"excerpt":{"rendered":"<p>Privacy Policy IDENTITY OF THE DATA CONTROLLER The data controller is Etablissements J.Bonet, a limited liability company with capital of 50,000 euros, whose registered office is located at 25 rue Scali\u00e9ro \u2013 06300 Nice, registered with the Nice Trade and Companies Register under number 958 807 430, Contact: 04 92 00 36 66 \u2013 info@jbonet-mobilier.com&hellip;<\/p>\n","protected":false},"author":5,"featured_media":0,"parent":0,"menu_order":0,"comment_status":"closed","ping_status":"closed","template":"","meta":{"footnotes":""},"class_list":["post-83640","page","type-page","status-publish","hentry"],"yoast_head":"<!-- This site is optimized with the Yoast SEO plugin v27.5 - https:\/\/yoast.com\/product\/yoast-seo-wordpress\/ -->\n<title>Privacy Policy - Jbonet | Mobilier Design et Bureau<\/title>\n<meta name=\"description\" content=\"By using our site, you consent to our privacy policy. To exercise these rights, send us an email\" \/>\n<meta name=\"robots\" content=\"index, follow, max-snippet:-1, max-image-preview:large, max-video-preview:-1\" \/>\n<link rel=\"canonical\" href=\"https:\/\/www.jbonet-mobilier.com\/en\/privacy-policy\/\" \/>\n<meta property=\"og:locale\" content=\"en_US\" \/>\n<meta property=\"og:type\" content=\"article\" \/>\n<meta property=\"og:title\" content=\"Privacy Policy - Jbonet | Mobilier Design et Bureau\" \/>\n<meta property=\"og:description\" content=\"By using our site, you consent to our privacy policy. To exercise these rights, send us an email\" \/>\n<meta property=\"og:url\" content=\"https:\/\/www.jbonet-mobilier.com\/en\/privacy-policy\/\" \/>\n<meta property=\"og:site_name\" content=\"Jbonet | Mobilier Design et Bureau\" \/>\n<meta property=\"article:publisher\" content=\"https:\/\/www.facebook.com\/jbonet.mobilier\/\" \/>\n<meta property=\"article:modified_time\" content=\"2026-03-02T16:39:41+00:00\" \/>\n<meta name=\"twitter:card\" content=\"summary_large_image\" \/>\n<meta name=\"twitter:label1\" content=\"Est. reading time\" \/>\n\t<meta name=\"twitter:data1\" content=\"5 minutes\" \/>\n<script type=\"application\/ld+json\" class=\"yoast-schema-graph\">{\"@context\":\"https:\\\/\\\/schema.org\",\"@graph\":[{\"@type\":[\"WebPage\",\"ItemPage\"],\"@id\":\"https:\\\/\\\/www.jbonet-mobilier.com\\\/en\\\/privacy-policy\\\/\",\"url\":\"https:\\\/\\\/www.jbonet-mobilier.com\\\/en\\\/privacy-policy\\\/\",\"name\":\"Privacy Policy - Jbonet | Mobilier Design et Bureau\",\"isPartOf\":{\"@id\":\"https:\\\/\\\/www.jbonet-mobilier.com\\\/en\\\/#website\"},\"datePublished\":\"2023-04-14T12:11:07+00:00\",\"dateModified\":\"2026-03-02T16:39:41+00:00\",\"description\":\"By using our site, you consent to our privacy policy. To exercise these rights, send us an email\",\"breadcrumb\":{\"@id\":\"https:\\\/\\\/www.jbonet-mobilier.com\\\/en\\\/privacy-policy\\\/#breadcrumb\"},\"inLanguage\":\"en-US\",\"potentialAction\":[{\"@type\":\"ReadAction\",\"target\":[\"https:\\\/\\\/www.jbonet-mobilier.com\\\/en\\\/privacy-policy\\\/\"]}]},{\"@type\":\"BreadcrumbList\",\"@id\":\"https:\\\/\\\/www.jbonet-mobilier.com\\\/en\\\/privacy-policy\\\/#breadcrumb\",\"itemListElement\":[{\"@type\":\"ListItem\",\"position\":1,\"name\":\"Accueil\",\"item\":\"https:\\\/\\\/www.jbonet-mobilier.com\\\/en\\\/home\\\/\"},{\"@type\":\"ListItem\",\"position\":2,\"name\":\"Privacy Policy\"}]},{\"@type\":\"WebSite\",\"@id\":\"https:\\\/\\\/www.jbonet-mobilier.com\\\/en\\\/#website\",\"url\":\"https:\\\/\\\/www.jbonet-mobilier.com\\\/en\\\/\",\"name\":\"Jbonet mobilier\",\"description\":\"Jbonet Mobilier est sp\u00e9cialiste du design contemporain et de l&#039;am\u00e9nagement d&#039;espaces professionnels depuis 1975 \u00e0 Nice, Cannes, Monaco, Sophia Antipolis et alentours.\",\"publisher\":{\"@id\":\"https:\\\/\\\/www.jbonet-mobilier.com\\\/en\\\/#organization\"},\"alternateName\":\"Jbonet\",\"potentialAction\":[{\"@type\":\"SearchAction\",\"target\":{\"@type\":\"EntryPoint\",\"urlTemplate\":\"https:\\\/\\\/www.jbonet-mobilier.com\\\/en\\\/?s={search_term_string}\"},\"query-input\":{\"@type\":\"PropertyValueSpecification\",\"valueRequired\":true,\"valueName\":\"search_term_string\"}}],\"inLanguage\":\"en-US\"},{\"@type\":\"Organization\",\"@id\":\"https:\\\/\\\/www.jbonet-mobilier.com\\\/en\\\/#organization\",\"name\":\"Jbonet\",\"alternateName\":\"Jbonet mobilier\",\"url\":\"https:\\\/\\\/www.jbonet-mobilier.com\\\/en\\\/\",\"logo\":{\"@type\":\"ImageObject\",\"inLanguage\":\"en-US\",\"@id\":\"https:\\\/\\\/www.jbonet-mobilier.com\\\/en\\\/#\\\/schema\\\/logo\\\/image\\\/\",\"url\":\"https:\\\/\\\/www.jbonet-mobilier.com\\\/wp-content\\\/uploads\\\/2023\\\/01\\\/favicon-site-internet.png\",\"contentUrl\":\"https:\\\/\\\/www.jbonet-mobilier.com\\\/wp-content\\\/uploads\\\/2023\\\/01\\\/favicon-site-internet.png\",\"width\":512,\"height\":512,\"caption\":\"Jbonet\"},\"image\":{\"@id\":\"https:\\\/\\\/www.jbonet-mobilier.com\\\/en\\\/#\\\/schema\\\/logo\\\/image\\\/\"},\"sameAs\":[\"https:\\\/\\\/www.facebook.com\\\/jbonet.mobilier\\\/\",\"https:\\\/\\\/www.instagram.com\\\/jbonet_mobilier\\\/?hl=fr\",\"https:\\\/\\\/www.linkedin.com\\\/company\\\/3230729\",\"https:\\\/\\\/www.pinterest.fr\\\/JbonetDesign\\\/boards\\\/\"]}]}<\/script>\n<!-- \/ Yoast SEO plugin. -->","yoast_head_json":{"title":"Privacy Policy - Jbonet | Mobilier Design et Bureau","description":"By using our site, you consent to our privacy policy. To exercise these rights, send us an email","robots":{"index":"index","follow":"follow","max-snippet":"max-snippet:-1","max-image-preview":"max-image-preview:large","max-video-preview":"max-video-preview:-1"},"canonical":"https:\/\/www.jbonet-mobilier.com\/en\/privacy-policy\/","og_locale":"en_US","og_type":"article","og_title":"Privacy Policy - Jbonet | Mobilier Design et Bureau","og_description":"By using our site, you consent to our privacy policy. To exercise these rights, send us an email","og_url":"https:\/\/www.jbonet-mobilier.com\/en\/privacy-policy\/","og_site_name":"Jbonet | Mobilier Design et Bureau","article_publisher":"https:\/\/www.facebook.com\/jbonet.mobilier\/","article_modified_time":"2026-03-02T16:39:41+00:00","twitter_card":"summary_large_image","twitter_misc":{"Est. reading time":"5 minutes"},"schema":{"@context":"https:\/\/schema.org","@graph":[{"@type":["WebPage","ItemPage"],"@id":"https:\/\/www.jbonet-mobilier.com\/en\/privacy-policy\/","url":"https:\/\/www.jbonet-mobilier.com\/en\/privacy-policy\/","name":"Privacy Policy - Jbonet | Mobilier Design et Bureau","isPartOf":{"@id":"https:\/\/www.jbonet-mobilier.com\/en\/#website"},"datePublished":"2023-04-14T12:11:07+00:00","dateModified":"2026-03-02T16:39:41+00:00","description":"By using our site, you consent to our privacy policy. To exercise these rights, send us an email","breadcrumb":{"@id":"https:\/\/www.jbonet-mobilier.com\/en\/privacy-policy\/#breadcrumb"},"inLanguage":"en-US","potentialAction":[{"@type":"ReadAction","target":["https:\/\/www.jbonet-mobilier.com\/en\/privacy-policy\/"]}]},{"@type":"BreadcrumbList","@id":"https:\/\/www.jbonet-mobilier.com\/en\/privacy-policy\/#breadcrumb","itemListElement":[{"@type":"ListItem","position":1,"name":"Accueil","item":"https:\/\/www.jbonet-mobilier.com\/en\/home\/"},{"@type":"ListItem","position":2,"name":"Privacy Policy"}]},{"@type":"WebSite","@id":"https:\/\/www.jbonet-mobilier.com\/en\/#website","url":"https:\/\/www.jbonet-mobilier.com\/en\/","name":"Jbonet mobilier","description":"Jbonet Mobilier est sp\u00e9cialiste du design contemporain et de l&#039;am\u00e9nagement d&#039;espaces professionnels depuis 1975 \u00e0 Nice, Cannes, Monaco, Sophia Antipolis et alentours.","publisher":{"@id":"https:\/\/www.jbonet-mobilier.com\/en\/#organization"},"alternateName":"Jbonet","potentialAction":[{"@type":"SearchAction","target":{"@type":"EntryPoint","urlTemplate":"https:\/\/www.jbonet-mobilier.com\/en\/?s={search_term_string}"},"query-input":{"@type":"PropertyValueSpecification","valueRequired":true,"valueName":"search_term_string"}}],"inLanguage":"en-US"},{"@type":"Organization","@id":"https:\/\/www.jbonet-mobilier.com\/en\/#organization","name":"Jbonet","alternateName":"Jbonet mobilier","url":"https:\/\/www.jbonet-mobilier.com\/en\/","logo":{"@type":"ImageObject","inLanguage":"en-US","@id":"https:\/\/www.jbonet-mobilier.com\/en\/#\/schema\/logo\/image\/","url":"https:\/\/www.jbonet-mobilier.com\/wp-content\/uploads\/2023\/01\/favicon-site-internet.png","contentUrl":"https:\/\/www.jbonet-mobilier.com\/wp-content\/uploads\/2023\/01\/favicon-site-internet.png","width":512,"height":512,"caption":"Jbonet"},"image":{"@id":"https:\/\/www.jbonet-mobilier.com\/en\/#\/schema\/logo\/image\/"},"sameAs":["https:\/\/www.facebook.com\/jbonet.mobilier\/","https:\/\/www.instagram.com\/jbonet_mobilier\/?hl=fr","https:\/\/www.linkedin.com\/company\/3230729","https:\/\/www.pinterest.fr\/JbonetDesign\/boards\/"]}]}},"_links":{"self":[{"href":"https:\/\/www.jbonet-mobilier.com\/en\/wp-json\/wp\/v2\/pages\/83640","targetHints":{"allow":["GET"]}}],"collection":[{"href":"https:\/\/www.jbonet-mobilier.com\/en\/wp-json\/wp\/v2\/pages"}],"about":[{"href":"https:\/\/www.jbonet-mobilier.com\/en\/wp-json\/wp\/v2\/types\/page"}],"author":[{"embeddable":true,"href":"https:\/\/www.jbonet-mobilier.com\/en\/wp-json\/wp\/v2\/users\/5"}],"replies":[{"embeddable":true,"href":"https:\/\/www.jbonet-mobilier.com\/en\/wp-json\/wp\/v2\/comments?post=83640"}],"version-history":[{"count":0,"href":"https:\/\/www.jbonet-mobilier.com\/en\/wp-json\/wp\/v2\/pages\/83640\/revisions"}],"wp:attachment":[{"href":"https:\/\/www.jbonet-mobilier.com\/en\/wp-json\/wp\/v2\/media?parent=83640"}],"curies":[{"name":"wp","href":"https:\/\/api.w.org\/{rel}","templated":true}]}}