{"id":82890,"date":"2023-05-03T14:35:51","date_gmt":"2023-05-03T12:35:51","guid":{"rendered":"https:\/\/www.jbonet-mobilier.com\/produit\/vvd-kitchen-moltenicdada\/"},"modified":"2026-03-02T16:02:27","modified_gmt":"2026-03-02T15:02:27","slug":"vvd-kitchen-moltenicdada","status":"publish","type":"product","link":"https:\/\/www.jbonet-mobilier.com\/en\/produit\/vvd-kitchen-moltenicdada\/","title":{"rendered":"VVD Kitchen Molteni&amp;C|Dada"},"content":{"rendered":"\t\t<div data-elementor-type=\"product-post\" data-elementor-id=\"82890\" class=\"elementor elementor-82890 elementor-79533\" data-elementor-post-type=\"product\">\n\t\t\t\t\t\t<section class=\"elementor-section elementor-top-section elementor-element elementor-element-2f20c301 elementor-section-boxed elementor-section-height-default elementor-section-height-default\" data-id=\"2f20c301\" data-element_type=\"section\" data-e-type=\"section\">\n\t\t\t\t\t\t<div class=\"elementor-container elementor-column-gap-default\">\n\t\t\t\t\t<div class=\"elementor-column elementor-col-100 elementor-top-column elementor-element elementor-element-57f587cc\" data-id=\"57f587cc\" data-element_type=\"column\" data-e-type=\"column\">\n\t\t\t<div class=\"elementor-widget-wrap elementor-element-populated\">\n\t\t\t\t\t\t<div class=\"elementor-element elementor-element-20ea870f elementor-widget elementor-widget-text-editor\" data-id=\"20ea870f\" data-element_type=\"widget\" data-e-type=\"widget\" data-widget_type=\"text-editor.default\">\n\t\t\t\t<div class=\"elementor-widget-container\">\n\t\t\t\t\t\t\t\t\t<div class=\"elementor-column elementor-col-50 elementor-inner-column elementor-element elementor-element-17136131\" data-id=\"17136131\" data-element_type=\"column\">\r\n<div class=\"elementor-widget-wrap elementor-element-populated\">\r\n<div class=\"elementor-element elementor-element-e213b3e elementor-widget elementor-widget-text-editor\" data-id=\"e213b3e\" data-element_type=\"widget\" data-widget_type=\"text-editor.default\">\r\n<div class=\"elementor-widget-container\">\r\n\r\n<strong>FRONT AND GROOVE FINISHES:<\/strong>\r\n<ul>\r\n \t<li>Thermo Oak<\/li>\r\n \t<li>Piombo Matte Lacquer<\/li>\r\n \t<li>Pewter Groove<\/li>\r\n \t<li>Hood included<\/li>\r\n<\/ul>\r\n<strong>WORKTOP:<\/strong>\r\n<ul>\r\n \t<li>Material: Porphyry, natural stone<\/li>\r\n \t<li>Sink with 5 glued plates + drainer<\/li>\r\n \t<li>Tap hole drilling<\/li>\r\n<\/ul>\r\n<\/div>\r\n<\/div>\r\n<\/div>\r\n<\/div>\r\n<div class=\"elementor-column elementor-col-50 elementor-inner-column elementor-element elementor-element-b583f00\" data-id=\"b583f00\" data-element_type=\"column\">\r\n<div class=\"elementor-widget-wrap elementor-element-populated\">\r\n<div class=\"elementor-element elementor-element-586ba41 elementor-widget elementor-widget-text-editor\" data-id=\"586ba41\" data-element_type=\"widget\" data-widget_type=\"text-editor.default\">\r\n<div class=\"elementor-widget-container\">\r\n\r\n<strong>APPLIANCES:<\/strong>\r\n<ul>\r\n \t<li>Gaggenau, hob, full zone, 79.3 cm ref: CX 482 101<\/li>\r\n \t<li>Gaggenau, dishwasher ref: 260 101<\/li>\r\n \t<li>Gaggenau, oven ref: BOP 221 102<\/li>\r\n \t<li>Dorn Brach, LOT platinum tap ref: 32 800 680-06<\/li>\r\n \t<li>Miele, refrigerator, freezer ref: KFN 7733 F<\/li>\r\n \t<li>Falmec hood ref: B-FUT<\/li>\r\n<\/ul>\r\n<\/div>\r\n<\/div>\r\n<div class=\"elementor-element elementor-element-f269238 elementor-widget elementor-widget-text-editor\" data-id=\"f269238\" data-element_type=\"widget\" data-widget_type=\"text-editor.default\">\r\n<div class=\"elementor-widget-container\">\r\n\r\n<strong>DIMENSIONS:<\/strong>\r\n<ul>\r\n \t<li>Columns: H220 x W261 x D65<\/li>\r\n \t<li>Worktop: H92.7 x W360 x D65<\/li>\r\n<\/ul>\r\n<\/div>\r\n<\/div>\r\n<\/div>\r\n<\/div>\t\t\t\t\t\t\t\t<\/div>\n\t\t\t\t<\/div>\n\t\t\t\t\t<\/div>\n\t\t<\/div>\n\t\t\t\t\t<\/div>\n\t\t<\/section>\n\t\t\t\t<\/div>\n\t\t","protected":false},"excerpt":{"rendered":"<p id=\"tw-target-text\" class=\"tw-data-text tw-text-large tw-ta\" dir=\"ltr\" data-placeholder=\"Traduction\"><span class=\"Y2IQFc\" lang=\"fr\"><a href=\"https:\/\/vincentvanduysen.com\/\">Vincent Van Duysen<\/a> is an iconic figure in contemporary design, and his collaboration with the Italian brand <a href=\"https:\/\/www.molteni.it\/fr\/highlights\">Molteni&amp;C|Dada<\/a> has led to extraordinary, unparalleled kitchens. The VVD Molteni&amp;C|Dada Kitchen is designed to be both elegant and practical, featuring ample storage, state-of-the-art appliances, and intuitive layouts that make cooking and entertaining a pleasure. Whether you are a professional chef or a passionate home cook, the VVD kitchen is the perfect choice for those who demand the best in design and functionality.  <\/span><\/p>\n","protected":false},"featured_media":79535,"comment_status":"closed","ping_status":"closed","template":"","meta":[],"product_brand":[],"product_cat":[462,468],"product_tag":[],"class_list":{"0":"post-82890","1":"product","2":"type-product","3":"status-publish","4":"has-post-thumbnail","6":"product_cat-interior-furniture","7":"product_cat-kitchens","9":"first","10":"outofstock","11":"sale","12":"featured","13":"sold-individually","14":"taxable","15":"shipping-taxable","16":"purchasable","17":"product-type-simple"},"yoast_head":"<!-- This site is optimized with the Yoast SEO plugin v27.4 - https:\/\/yoast.com\/product\/yoast-seo-wordpress\/ -->\n<title>VVD Kitchen Molteni&amp;C|Dada - Jbonet | Mobilier Design et Bureau<\/title>\n<meta name=\"description\" content=\"Exclusively on our E-shop, the VVD kitchen is on sale. The Molteni&amp;C|Dada VVD kitchen is an ultra-stylish and sophisticated kitchen.\" \/>\n<meta name=\"robots\" content=\"index, follow, max-snippet:-1, max-image-preview:large, max-video-preview:-1\" \/>\n<link rel=\"canonical\" href=\"https:\/\/www.jbonet-mobilier.com\/en\/produit\/vvd-kitchen-moltenicdada\/\" \/>\n<meta property=\"og:locale\" content=\"en_US\" \/>\n<meta property=\"og:type\" content=\"article\" \/>\n<meta property=\"og:title\" content=\"VVD Kitchen Molteni&amp;C|Dada - Jbonet | Mobilier Design et Bureau\" \/>\n<meta property=\"og:description\" content=\"Exclusively on our E-shop, the VVD kitchen is on sale. The Molteni&amp;C|Dada VVD kitchen is an ultra-stylish and sophisticated kitchen.\" \/>\n<meta property=\"og:url\" content=\"https:\/\/www.jbonet-mobilier.com\/en\/produit\/vvd-kitchen-moltenicdada\/\" \/>\n<meta property=\"og:site_name\" content=\"Jbonet | Mobilier Design et Bureau\" \/>\n<meta property=\"article:publisher\" content=\"https:\/\/www.facebook.com\/jbonet.mobilier\/\" \/>\n<meta property=\"article:modified_time\" content=\"2026-03-02T15:02:27+00:00\" \/>\n<meta property=\"og:image\" content=\"https:\/\/www.jbonet-mobilier.com\/wp-content\/uploads\/2023\/05\/exterieur-19-scaled-e1683188767306.jpg\" \/>\n\t<meta property=\"og:image:width\" content=\"1000\" \/>\n\t<meta property=\"og:image:height\" content=\"766\" \/>\n\t<meta property=\"og:image:type\" content=\"image\/jpeg\" \/>\n<meta name=\"twitter:card\" content=\"summary_large_image\" \/>\n<script type=\"application\/ld+json\" class=\"yoast-schema-graph\">{\"@context\":\"https:\\\/\\\/schema.org\",\"@graph\":[{\"@type\":\"WebPage\",\"@id\":\"https:\\\/\\\/www.jbonet-mobilier.com\\\/en\\\/produit\\\/vvd-kitchen-moltenicdada\\\/\",\"url\":\"https:\\\/\\\/www.jbonet-mobilier.com\\\/en\\\/produit\\\/vvd-kitchen-moltenicdada\\\/\",\"name\":\"VVD Kitchen Molteni&amp;C|Dada - Jbonet | Mobilier Design et Bureau\",\"isPartOf\":{\"@id\":\"https:\\\/\\\/www.jbonet-mobilier.com\\\/en\\\/#website\"},\"primaryImageOfPage\":{\"@id\":\"https:\\\/\\\/www.jbonet-mobilier.com\\\/en\\\/produit\\\/vvd-kitchen-moltenicdada\\\/#primaryimage\"},\"image\":{\"@id\":\"https:\\\/\\\/www.jbonet-mobilier.com\\\/en\\\/produit\\\/vvd-kitchen-moltenicdada\\\/#primaryimage\"},\"thumbnailUrl\":\"https:\\\/\\\/www.jbonet-mobilier.com\\\/wp-content\\\/uploads\\\/2023\\\/05\\\/exterieur-19-scaled-e1683188767306.jpg\",\"datePublished\":\"2023-05-03T12:35:51+00:00\",\"dateModified\":\"2026-03-02T15:02:27+00:00\",\"description\":\"Exclusively on our E-shop, the VVD kitchen is on sale. The Molteni&C|Dada VVD kitchen is an ultra-stylish and sophisticated kitchen.\",\"breadcrumb\":{\"@id\":\"https:\\\/\\\/www.jbonet-mobilier.com\\\/en\\\/produit\\\/vvd-kitchen-moltenicdada\\\/#breadcrumb\"},\"inLanguage\":\"en-US\",\"potentialAction\":[{\"@type\":\"ReadAction\",\"target\":[\"https:\\\/\\\/www.jbonet-mobilier.com\\\/en\\\/produit\\\/vvd-kitchen-moltenicdada\\\/\"]}]},{\"@type\":\"ImageObject\",\"inLanguage\":\"en-US\",\"@id\":\"https:\\\/\\\/www.jbonet-mobilier.com\\\/en\\\/produit\\\/vvd-kitchen-moltenicdada\\\/#primaryimage\",\"url\":\"https:\\\/\\\/www.jbonet-mobilier.com\\\/wp-content\\\/uploads\\\/2023\\\/05\\\/exterieur-19-scaled-e1683188767306.jpg\",\"contentUrl\":\"https:\\\/\\\/www.jbonet-mobilier.com\\\/wp-content\\\/uploads\\\/2023\\\/05\\\/exterieur-19-scaled-e1683188767306.jpg\",\"width\":1000,\"height\":766,\"caption\":\"Cuisine VVD Molten&c|Dada\"},{\"@type\":\"BreadcrumbList\",\"@id\":\"https:\\\/\\\/www.jbonet-mobilier.com\\\/en\\\/produit\\\/vvd-kitchen-moltenicdada\\\/#breadcrumb\",\"itemListElement\":[{\"@type\":\"ListItem\",\"position\":1,\"name\":\"Accueil\",\"item\":\"https:\\\/\\\/www.jbonet-mobilier.com\\\/en\\\/home\\\/\"},{\"@type\":\"ListItem\",\"position\":2,\"name\":\"E-shop\",\"item\":\"https:\\\/\\\/www.jbonet-mobilier.com\\\/en\\\/e-shop\\\/\"},{\"@type\":\"ListItem\",\"position\":3,\"name\":\"VVD Kitchen Molteni&amp;C|Dada\"}]},{\"@type\":\"WebSite\",\"@id\":\"https:\\\/\\\/www.jbonet-mobilier.com\\\/en\\\/#website\",\"url\":\"https:\\\/\\\/www.jbonet-mobilier.com\\\/en\\\/\",\"name\":\"Jbonet mobilier\",\"description\":\"Jbonet Mobilier est sp\u00e9cialiste du design contemporain et de l&#039;am\u00e9nagement d&#039;espaces professionnels depuis 1975 \u00e0 Nice, Cannes, Monaco, Sophia Antipolis et alentours.\",\"publisher\":{\"@id\":\"https:\\\/\\\/www.jbonet-mobilier.com\\\/en\\\/#organization\"},\"alternateName\":\"Jbonet\",\"potentialAction\":[{\"@type\":\"SearchAction\",\"target\":{\"@type\":\"EntryPoint\",\"urlTemplate\":\"https:\\\/\\\/www.jbonet-mobilier.com\\\/en\\\/?s={search_term_string}\"},\"query-input\":{\"@type\":\"PropertyValueSpecification\",\"valueRequired\":true,\"valueName\":\"search_term_string\"}}],\"inLanguage\":\"en-US\"},{\"@type\":\"Organization\",\"@id\":\"https:\\\/\\\/www.jbonet-mobilier.com\\\/en\\\/#organization\",\"name\":\"Jbonet\",\"alternateName\":\"Jbonet mobilier\",\"url\":\"https:\\\/\\\/www.jbonet-mobilier.com\\\/en\\\/\",\"logo\":{\"@type\":\"ImageObject\",\"inLanguage\":\"en-US\",\"@id\":\"https:\\\/\\\/www.jbonet-mobilier.com\\\/en\\\/#\\\/schema\\\/logo\\\/image\\\/\",\"url\":\"https:\\\/\\\/www.jbonet-mobilier.com\\\/wp-content\\\/uploads\\\/2023\\\/01\\\/favicon-site-internet.png\",\"contentUrl\":\"https:\\\/\\\/www.jbonet-mobilier.com\\\/wp-content\\\/uploads\\\/2023\\\/01\\\/favicon-site-internet.png\",\"width\":512,\"height\":512,\"caption\":\"Jbonet\"},\"image\":{\"@id\":\"https:\\\/\\\/www.jbonet-mobilier.com\\\/en\\\/#\\\/schema\\\/logo\\\/image\\\/\"},\"sameAs\":[\"https:\\\/\\\/www.facebook.com\\\/jbonet.mobilier\\\/\",\"https:\\\/\\\/www.instagram.com\\\/jbonet_mobilier\\\/?hl=fr\",\"https:\\\/\\\/www.linkedin.com\\\/company\\\/3230729\",\"https:\\\/\\\/www.pinterest.fr\\\/JbonetDesign\\\/boards\\\/\"]}]}<\/script>\n<!-- \/ Yoast SEO plugin. -->","yoast_head_json":{"title":"VVD Kitchen Molteni&amp;C|Dada - Jbonet | Mobilier Design et Bureau","description":"Exclusively on our E-shop, the VVD kitchen is on sale. The Molteni&C|Dada VVD kitchen is an ultra-stylish and sophisticated kitchen.","robots":{"index":"index","follow":"follow","max-snippet":"max-snippet:-1","max-image-preview":"max-image-preview:large","max-video-preview":"max-video-preview:-1"},"canonical":"https:\/\/www.jbonet-mobilier.com\/en\/produit\/vvd-kitchen-moltenicdada\/","og_locale":"en_US","og_type":"article","og_title":"VVD Kitchen Molteni&amp;C|Dada - Jbonet | Mobilier Design et Bureau","og_description":"Exclusively on our E-shop, the VVD kitchen is on sale. The Molteni&C|Dada VVD kitchen is an ultra-stylish and sophisticated kitchen.","og_url":"https:\/\/www.jbonet-mobilier.com\/en\/produit\/vvd-kitchen-moltenicdada\/","og_site_name":"Jbonet | Mobilier Design et Bureau","article_publisher":"https:\/\/www.facebook.com\/jbonet.mobilier\/","article_modified_time":"2026-03-02T15:02:27+00:00","og_image":[{"width":1000,"height":766,"url":"https:\/\/www.jbonet-mobilier.com\/wp-content\/uploads\/2023\/05\/exterieur-19-scaled-e1683188767306.jpg","type":"image\/jpeg"}],"twitter_card":"summary_large_image","schema":{"@context":"https:\/\/schema.org","@graph":[{"@type":"WebPage","@id":"https:\/\/www.jbonet-mobilier.com\/en\/produit\/vvd-kitchen-moltenicdada\/","url":"https:\/\/www.jbonet-mobilier.com\/en\/produit\/vvd-kitchen-moltenicdada\/","name":"VVD Kitchen Molteni&amp;C|Dada - Jbonet | Mobilier Design et Bureau","isPartOf":{"@id":"https:\/\/www.jbonet-mobilier.com\/en\/#website"},"primaryImageOfPage":{"@id":"https:\/\/www.jbonet-mobilier.com\/en\/produit\/vvd-kitchen-moltenicdada\/#primaryimage"},"image":{"@id":"https:\/\/www.jbonet-mobilier.com\/en\/produit\/vvd-kitchen-moltenicdada\/#primaryimage"},"thumbnailUrl":"https:\/\/www.jbonet-mobilier.com\/wp-content\/uploads\/2023\/05\/exterieur-19-scaled-e1683188767306.jpg","datePublished":"2023-05-03T12:35:51+00:00","dateModified":"2026-03-02T15:02:27+00:00","description":"Exclusively on our E-shop, the VVD kitchen is on sale. The Molteni&C|Dada VVD kitchen is an ultra-stylish and sophisticated kitchen.","breadcrumb":{"@id":"https:\/\/www.jbonet-mobilier.com\/en\/produit\/vvd-kitchen-moltenicdada\/#breadcrumb"},"inLanguage":"en-US","potentialAction":[{"@type":"ReadAction","target":["https:\/\/www.jbonet-mobilier.com\/en\/produit\/vvd-kitchen-moltenicdada\/"]}]},{"@type":"ImageObject","inLanguage":"en-US","@id":"https:\/\/www.jbonet-mobilier.com\/en\/produit\/vvd-kitchen-moltenicdada\/#primaryimage","url":"https:\/\/www.jbonet-mobilier.com\/wp-content\/uploads\/2023\/05\/exterieur-19-scaled-e1683188767306.jpg","contentUrl":"https:\/\/www.jbonet-mobilier.com\/wp-content\/uploads\/2023\/05\/exterieur-19-scaled-e1683188767306.jpg","width":1000,"height":766,"caption":"Cuisine VVD Molten&c|Dada"},{"@type":"BreadcrumbList","@id":"https:\/\/www.jbonet-mobilier.com\/en\/produit\/vvd-kitchen-moltenicdada\/#breadcrumb","itemListElement":[{"@type":"ListItem","position":1,"name":"Accueil","item":"https:\/\/www.jbonet-mobilier.com\/en\/home\/"},{"@type":"ListItem","position":2,"name":"E-shop","item":"https:\/\/www.jbonet-mobilier.com\/en\/e-shop\/"},{"@type":"ListItem","position":3,"name":"VVD Kitchen Molteni&amp;C|Dada"}]},{"@type":"WebSite","@id":"https:\/\/www.jbonet-mobilier.com\/en\/#website","url":"https:\/\/www.jbonet-mobilier.com\/en\/","name":"Jbonet mobilier","description":"Jbonet Mobilier est sp\u00e9cialiste du design contemporain et de l&#039;am\u00e9nagement d&#039;espaces professionnels depuis 1975 \u00e0 Nice, Cannes, Monaco, Sophia Antipolis et alentours.","publisher":{"@id":"https:\/\/www.jbonet-mobilier.com\/en\/#organization"},"alternateName":"Jbonet","potentialAction":[{"@type":"SearchAction","target":{"@type":"EntryPoint","urlTemplate":"https:\/\/www.jbonet-mobilier.com\/en\/?s={search_term_string}"},"query-input":{"@type":"PropertyValueSpecification","valueRequired":true,"valueName":"search_term_string"}}],"inLanguage":"en-US"},{"@type":"Organization","@id":"https:\/\/www.jbonet-mobilier.com\/en\/#organization","name":"Jbonet","alternateName":"Jbonet mobilier","url":"https:\/\/www.jbonet-mobilier.com\/en\/","logo":{"@type":"ImageObject","inLanguage":"en-US","@id":"https:\/\/www.jbonet-mobilier.com\/en\/#\/schema\/logo\/image\/","url":"https:\/\/www.jbonet-mobilier.com\/wp-content\/uploads\/2023\/01\/favicon-site-internet.png","contentUrl":"https:\/\/www.jbonet-mobilier.com\/wp-content\/uploads\/2023\/01\/favicon-site-internet.png","width":512,"height":512,"caption":"Jbonet"},"image":{"@id":"https:\/\/www.jbonet-mobilier.com\/en\/#\/schema\/logo\/image\/"},"sameAs":["https:\/\/www.facebook.com\/jbonet.mobilier\/","https:\/\/www.instagram.com\/jbonet_mobilier\/?hl=fr","https:\/\/www.linkedin.com\/company\/3230729","https:\/\/www.pinterest.fr\/JbonetDesign\/boards\/"]}]}},"_links":{"self":[{"href":"https:\/\/www.jbonet-mobilier.com\/en\/wp-json\/wp\/v2\/product\/82890","targetHints":{"allow":["GET"]}}],"collection":[{"href":"https:\/\/www.jbonet-mobilier.com\/en\/wp-json\/wp\/v2\/product"}],"about":[{"href":"https:\/\/www.jbonet-mobilier.com\/en\/wp-json\/wp\/v2\/types\/product"}],"replies":[{"embeddable":true,"href":"https:\/\/www.jbonet-mobilier.com\/en\/wp-json\/wp\/v2\/comments?post=82890"}],"version-history":[{"count":0,"href":"https:\/\/www.jbonet-mobilier.com\/en\/wp-json\/wp\/v2\/product\/82890\/revisions"}],"wp:featuredmedia":[{"embeddable":true,"href":"https:\/\/www.jbonet-mobilier.com\/en\/wp-json\/wp\/v2\/media\/79535"}],"wp:attachment":[{"href":"https:\/\/www.jbonet-mobilier.com\/en\/wp-json\/wp\/v2\/media?parent=82890"}],"wp:term":[{"taxonomy":"product_brand","embeddable":true,"href":"https:\/\/www.jbonet-mobilier.com\/en\/wp-json\/wp\/v2\/product_brand?post=82890"},{"taxonomy":"product_cat","embeddable":true,"href":"https:\/\/www.jbonet-mobilier.com\/en\/wp-json\/wp\/v2\/product_cat?post=82890"},{"taxonomy":"product_tag","embeddable":true,"href":"https:\/\/www.jbonet-mobilier.com\/en\/wp-json\/wp\/v2\/product_tag?post=82890"}],"curies":[{"name":"wp","href":"https:\/\/api.w.org\/{rel}","templated":true}]}}