{"id":82900,"date":"2023-05-31T10:06:31","date_gmt":"2023-05-31T08:06:31","guid":{"rendered":"https:\/\/www.jbonet-mobilier.com\/produit\/lc17-coat-rack\/"},"modified":"2026-03-02T16:02:39","modified_gmt":"2026-03-02T15:02:39","slug":"lc17-coat-rack","status":"publish","type":"product","link":"https:\/\/www.jbonet-mobilier.com\/en\/produit\/lc17-coat-rack\/","title":{"rendered":"LC17 Coat Rack"},"content":{"rendered":"<p>The Coat Rack was originally developed for the Cabanon, the house that <a href=\"https:\/\/sitelecorbusier.com\/decouvrir\/le-corbusier-architecte\/\">Le Corbusier<\/a> built in 1951 on the French Riviera as a birthday gift for his wife, Yvonne. The <a href=\"https:\/\/www.cassina.com\/fr\/fr.html\">Cassina<\/a> re-edition reprises the 1957 model, designed for the Camping Units adjacent to the Cabanon itself. Echoing the polychromy of these minimalist spaces reminiscent of the comfort of a cruise cabin, the Coat Rack is also offered in its coloured version. The structure is made up of solid oak elements resembling mushrooms, set at different heights according to the Modulor calculation system.   <\/p>\n<p>&nbsp;<\/p>\n<p><span class=\"product-caracteristics-value\"><strong>Product type<\/strong>: Coat rack<\/span><br \/>\n<strong>Brand<\/strong>: Cassina<br \/>\n<span class=\"product-caracteristics-value\"><strong>Colour<\/strong>: Black<\/span><br \/>\n<span class=\"product-caracteristics-value\"><strong>Material<\/strong>: Oak, with a matte black lacquered back panel. Knobs in solid oak, lacquered in matte white, black, red, green and blue. <\/span><br \/>\n<span class=\"product-caracteristics-value\"><strong>Dimensions<\/strong>: H 60 x W 67 x D 2<\/span><\/p>\n<p>&nbsp;<\/p>\n<p>&nbsp;<\/p>\n","protected":false},"excerpt":{"rendered":"<p>The clean design of the LC17 coat rack reflects the principles of the modern movement in which <a href=\"https:\/\/sitelecorbusier.com\/decouvrir\/le-corbusier-architecte\/\">Le Corbusier<\/a> was deeply involved. This wall-mounted coat rack stands out for its simplicity, functionality and history. Looking for a Mother\u2019s Day gift? LC17 is the perfect gift!   <\/p>\n<p>Reserve your product now and come and collect it from the Nice showroom, Place Arson, during opening hours.<\/p>\n<div id=\"merciapp-alerts-panel-container\" data-unique-field-id=\"9012e09cf6c4ee1fc4740fb7380c262f-1685519606338\"><\/div>\n","protected":false},"featured_media":79749,"comment_status":"closed","ping_status":"closed","template":"","meta":[],"product_brand":[],"product_cat":[463,462],"product_tag":[],"class_list":{"0":"post-82900","1":"product","2":"type-product","3":"status-publish","4":"has-post-thumbnail","6":"product_cat-accessories","7":"product_cat-interior-furniture","8":"description-off","10":"first","11":"outofstock","12":"featured","13":"taxable","14":"shipping-taxable","15":"purchasable","16":"product-type-simple"},"yoast_head":"<!-- This site is optimized with the Yoast SEO plugin v27.3 - https:\/\/yoast.com\/product\/yoast-seo-wordpress\/ -->\n<title>LC17 Coat Rack - Jbonet | Mobilier Design et Bureau<\/title>\n<meta name=\"description\" content=\"The Coat Rack was originally developed for the Cabanon, the house that Le Corbusier built in 1951 on the French Riviera as a birthday gift for his wife, Yvonne.\" \/>\n<meta name=\"robots\" content=\"index, follow, max-snippet:-1, max-image-preview:large, max-video-preview:-1\" \/>\n<link rel=\"canonical\" href=\"https:\/\/www.jbonet-mobilier.com\/en\/produit\/lc17-coat-rack\/\" \/>\n<meta property=\"og:locale\" content=\"en_US\" \/>\n<meta property=\"og:type\" content=\"article\" \/>\n<meta property=\"og:title\" content=\"LC17 Coat Rack - Jbonet | Mobilier Design et Bureau\" \/>\n<meta property=\"og:description\" content=\"The Coat Rack was originally developed for the Cabanon, the house that Le Corbusier built in 1951 on the French Riviera as a birthday gift for his wife, Yvonne.\" \/>\n<meta property=\"og:url\" content=\"https:\/\/www.jbonet-mobilier.com\/en\/produit\/lc17-coat-rack\/\" \/>\n<meta property=\"og:site_name\" content=\"Jbonet | Mobilier Design et Bureau\" \/>\n<meta property=\"article:publisher\" content=\"https:\/\/www.facebook.com\/jbonet.mobilier\/\" \/>\n<meta property=\"article:modified_time\" content=\"2026-03-02T15:02:39+00:00\" \/>\n<meta property=\"og:image\" content=\"https:\/\/www.jbonet-mobilier.com\/wp-content\/uploads\/2023\/05\/01_dettagli-017-lc17-portemanteau-accessories_1.jpg\" \/>\n\t<meta property=\"og:image:width\" content=\"2200\" \/>\n\t<meta property=\"og:image:height\" content=\"1238\" \/>\n\t<meta property=\"og:image:type\" content=\"image\/jpeg\" \/>\n<meta name=\"twitter:card\" content=\"summary_large_image\" \/>\n<meta name=\"twitter:label1\" content=\"Est. reading time\" \/>\n\t<meta name=\"twitter:data1\" content=\"1 minute\" \/>\n<script type=\"application\/ld+json\" class=\"yoast-schema-graph\">{\"@context\":\"https:\\\/\\\/schema.org\",\"@graph\":[{\"@type\":\"WebPage\",\"@id\":\"https:\\\/\\\/www.jbonet-mobilier.com\\\/en\\\/produit\\\/lc17-coat-rack\\\/\",\"url\":\"https:\\\/\\\/www.jbonet-mobilier.com\\\/en\\\/produit\\\/lc17-coat-rack\\\/\",\"name\":\"LC17 Coat Rack - Jbonet | Mobilier Design et Bureau\",\"isPartOf\":{\"@id\":\"https:\\\/\\\/www.jbonet-mobilier.com\\\/en\\\/#website\"},\"primaryImageOfPage\":{\"@id\":\"https:\\\/\\\/www.jbonet-mobilier.com\\\/en\\\/produit\\\/lc17-coat-rack\\\/#primaryimage\"},\"image\":{\"@id\":\"https:\\\/\\\/www.jbonet-mobilier.com\\\/en\\\/produit\\\/lc17-coat-rack\\\/#primaryimage\"},\"thumbnailUrl\":\"https:\\\/\\\/www.jbonet-mobilier.com\\\/wp-content\\\/uploads\\\/2023\\\/05\\\/01_dettagli-017-lc17-portemanteau-accessories_1.jpg\",\"datePublished\":\"2023-05-31T08:06:31+00:00\",\"dateModified\":\"2026-03-02T15:02:39+00:00\",\"description\":\"The Coat Rack was originally developed for the Cabanon, the house that Le Corbusier built in 1951 on the French Riviera as a birthday gift for his wife, Yvonne.\",\"breadcrumb\":{\"@id\":\"https:\\\/\\\/www.jbonet-mobilier.com\\\/en\\\/produit\\\/lc17-coat-rack\\\/#breadcrumb\"},\"inLanguage\":\"en-US\",\"potentialAction\":[{\"@type\":\"ReadAction\",\"target\":[\"https:\\\/\\\/www.jbonet-mobilier.com\\\/en\\\/produit\\\/lc17-coat-rack\\\/\"]}]},{\"@type\":\"ImageObject\",\"inLanguage\":\"en-US\",\"@id\":\"https:\\\/\\\/www.jbonet-mobilier.com\\\/en\\\/produit\\\/lc17-coat-rack\\\/#primaryimage\",\"url\":\"https:\\\/\\\/www.jbonet-mobilier.com\\\/wp-content\\\/uploads\\\/2023\\\/05\\\/01_dettagli-017-lc17-portemanteau-accessories_1.jpg\",\"contentUrl\":\"https:\\\/\\\/www.jbonet-mobilier.com\\\/wp-content\\\/uploads\\\/2023\\\/05\\\/01_dettagli-017-lc17-portemanteau-accessories_1.jpg\",\"width\":2200,\"height\":1238,\"caption\":\"portemanteau accessoire design le corbusier\"},{\"@type\":\"BreadcrumbList\",\"@id\":\"https:\\\/\\\/www.jbonet-mobilier.com\\\/en\\\/produit\\\/lc17-coat-rack\\\/#breadcrumb\",\"itemListElement\":[{\"@type\":\"ListItem\",\"position\":1,\"name\":\"Accueil\",\"item\":\"https:\\\/\\\/www.jbonet-mobilier.com\\\/en\\\/home\\\/\"},{\"@type\":\"ListItem\",\"position\":2,\"name\":\"E-shop\",\"item\":\"https:\\\/\\\/www.jbonet-mobilier.com\\\/en\\\/e-shop\\\/\"},{\"@type\":\"ListItem\",\"position\":3,\"name\":\"LC17 Coat Rack\"}]},{\"@type\":\"WebSite\",\"@id\":\"https:\\\/\\\/www.jbonet-mobilier.com\\\/en\\\/#website\",\"url\":\"https:\\\/\\\/www.jbonet-mobilier.com\\\/en\\\/\",\"name\":\"Jbonet mobilier\",\"description\":\"Jbonet Mobilier est sp\u00e9cialiste du design contemporain et de l&#039;am\u00e9nagement d&#039;espaces professionnels depuis 1975 \u00e0 Nice, Cannes, Monaco, Sophia Antipolis et alentours.\",\"publisher\":{\"@id\":\"https:\\\/\\\/www.jbonet-mobilier.com\\\/en\\\/#organization\"},\"alternateName\":\"Jbonet\",\"potentialAction\":[{\"@type\":\"SearchAction\",\"target\":{\"@type\":\"EntryPoint\",\"urlTemplate\":\"https:\\\/\\\/www.jbonet-mobilier.com\\\/en\\\/?s={search_term_string}\"},\"query-input\":{\"@type\":\"PropertyValueSpecification\",\"valueRequired\":true,\"valueName\":\"search_term_string\"}}],\"inLanguage\":\"en-US\"},{\"@type\":\"Organization\",\"@id\":\"https:\\\/\\\/www.jbonet-mobilier.com\\\/en\\\/#organization\",\"name\":\"Jbonet\",\"alternateName\":\"Jbonet mobilier\",\"url\":\"https:\\\/\\\/www.jbonet-mobilier.com\\\/en\\\/\",\"logo\":{\"@type\":\"ImageObject\",\"inLanguage\":\"en-US\",\"@id\":\"https:\\\/\\\/www.jbonet-mobilier.com\\\/en\\\/#\\\/schema\\\/logo\\\/image\\\/\",\"url\":\"https:\\\/\\\/www.jbonet-mobilier.com\\\/wp-content\\\/uploads\\\/2023\\\/01\\\/favicon-site-internet.png\",\"contentUrl\":\"https:\\\/\\\/www.jbonet-mobilier.com\\\/wp-content\\\/uploads\\\/2023\\\/01\\\/favicon-site-internet.png\",\"width\":512,\"height\":512,\"caption\":\"Jbonet\"},\"image\":{\"@id\":\"https:\\\/\\\/www.jbonet-mobilier.com\\\/en\\\/#\\\/schema\\\/logo\\\/image\\\/\"},\"sameAs\":[\"https:\\\/\\\/www.facebook.com\\\/jbonet.mobilier\\\/\",\"https:\\\/\\\/www.instagram.com\\\/jbonet_mobilier\\\/?hl=fr\",\"https:\\\/\\\/www.linkedin.com\\\/company\\\/3230729\",\"https:\\\/\\\/www.pinterest.fr\\\/JbonetDesign\\\/boards\\\/\"]}]}<\/script>\n<!-- \/ Yoast SEO plugin. -->","yoast_head_json":{"title":"LC17 Coat Rack - Jbonet | Mobilier Design et Bureau","description":"The Coat Rack was originally developed for the Cabanon, the house that Le Corbusier built in 1951 on the French Riviera as a birthday gift for his wife, Yvonne.","robots":{"index":"index","follow":"follow","max-snippet":"max-snippet:-1","max-image-preview":"max-image-preview:large","max-video-preview":"max-video-preview:-1"},"canonical":"https:\/\/www.jbonet-mobilier.com\/en\/produit\/lc17-coat-rack\/","og_locale":"en_US","og_type":"article","og_title":"LC17 Coat Rack - Jbonet | Mobilier Design et Bureau","og_description":"The Coat Rack was originally developed for the Cabanon, the house that Le Corbusier built in 1951 on the French Riviera as a birthday gift for his wife, Yvonne.","og_url":"https:\/\/www.jbonet-mobilier.com\/en\/produit\/lc17-coat-rack\/","og_site_name":"Jbonet | Mobilier Design et Bureau","article_publisher":"https:\/\/www.facebook.com\/jbonet.mobilier\/","article_modified_time":"2026-03-02T15:02:39+00:00","og_image":[{"width":2200,"height":1238,"url":"https:\/\/www.jbonet-mobilier.com\/wp-content\/uploads\/2023\/05\/01_dettagli-017-lc17-portemanteau-accessories_1.jpg","type":"image\/jpeg"}],"twitter_card":"summary_large_image","twitter_misc":{"Est. reading time":"1 minute"},"schema":{"@context":"https:\/\/schema.org","@graph":[{"@type":"WebPage","@id":"https:\/\/www.jbonet-mobilier.com\/en\/produit\/lc17-coat-rack\/","url":"https:\/\/www.jbonet-mobilier.com\/en\/produit\/lc17-coat-rack\/","name":"LC17 Coat Rack - Jbonet | Mobilier Design et Bureau","isPartOf":{"@id":"https:\/\/www.jbonet-mobilier.com\/en\/#website"},"primaryImageOfPage":{"@id":"https:\/\/www.jbonet-mobilier.com\/en\/produit\/lc17-coat-rack\/#primaryimage"},"image":{"@id":"https:\/\/www.jbonet-mobilier.com\/en\/produit\/lc17-coat-rack\/#primaryimage"},"thumbnailUrl":"https:\/\/www.jbonet-mobilier.com\/wp-content\/uploads\/2023\/05\/01_dettagli-017-lc17-portemanteau-accessories_1.jpg","datePublished":"2023-05-31T08:06:31+00:00","dateModified":"2026-03-02T15:02:39+00:00","description":"The Coat Rack was originally developed for the Cabanon, the house that Le Corbusier built in 1951 on the French Riviera as a birthday gift for his wife, Yvonne.","breadcrumb":{"@id":"https:\/\/www.jbonet-mobilier.com\/en\/produit\/lc17-coat-rack\/#breadcrumb"},"inLanguage":"en-US","potentialAction":[{"@type":"ReadAction","target":["https:\/\/www.jbonet-mobilier.com\/en\/produit\/lc17-coat-rack\/"]}]},{"@type":"ImageObject","inLanguage":"en-US","@id":"https:\/\/www.jbonet-mobilier.com\/en\/produit\/lc17-coat-rack\/#primaryimage","url":"https:\/\/www.jbonet-mobilier.com\/wp-content\/uploads\/2023\/05\/01_dettagli-017-lc17-portemanteau-accessories_1.jpg","contentUrl":"https:\/\/www.jbonet-mobilier.com\/wp-content\/uploads\/2023\/05\/01_dettagli-017-lc17-portemanteau-accessories_1.jpg","width":2200,"height":1238,"caption":"portemanteau accessoire design le corbusier"},{"@type":"BreadcrumbList","@id":"https:\/\/www.jbonet-mobilier.com\/en\/produit\/lc17-coat-rack\/#breadcrumb","itemListElement":[{"@type":"ListItem","position":1,"name":"Accueil","item":"https:\/\/www.jbonet-mobilier.com\/en\/home\/"},{"@type":"ListItem","position":2,"name":"E-shop","item":"https:\/\/www.jbonet-mobilier.com\/en\/e-shop\/"},{"@type":"ListItem","position":3,"name":"LC17 Coat Rack"}]},{"@type":"WebSite","@id":"https:\/\/www.jbonet-mobilier.com\/en\/#website","url":"https:\/\/www.jbonet-mobilier.com\/en\/","name":"Jbonet mobilier","description":"Jbonet Mobilier est sp\u00e9cialiste du design contemporain et de l&#039;am\u00e9nagement d&#039;espaces professionnels depuis 1975 \u00e0 Nice, Cannes, Monaco, Sophia Antipolis et alentours.","publisher":{"@id":"https:\/\/www.jbonet-mobilier.com\/en\/#organization"},"alternateName":"Jbonet","potentialAction":[{"@type":"SearchAction","target":{"@type":"EntryPoint","urlTemplate":"https:\/\/www.jbonet-mobilier.com\/en\/?s={search_term_string}"},"query-input":{"@type":"PropertyValueSpecification","valueRequired":true,"valueName":"search_term_string"}}],"inLanguage":"en-US"},{"@type":"Organization","@id":"https:\/\/www.jbonet-mobilier.com\/en\/#organization","name":"Jbonet","alternateName":"Jbonet mobilier","url":"https:\/\/www.jbonet-mobilier.com\/en\/","logo":{"@type":"ImageObject","inLanguage":"en-US","@id":"https:\/\/www.jbonet-mobilier.com\/en\/#\/schema\/logo\/image\/","url":"https:\/\/www.jbonet-mobilier.com\/wp-content\/uploads\/2023\/01\/favicon-site-internet.png","contentUrl":"https:\/\/www.jbonet-mobilier.com\/wp-content\/uploads\/2023\/01\/favicon-site-internet.png","width":512,"height":512,"caption":"Jbonet"},"image":{"@id":"https:\/\/www.jbonet-mobilier.com\/en\/#\/schema\/logo\/image\/"},"sameAs":["https:\/\/www.facebook.com\/jbonet.mobilier\/","https:\/\/www.instagram.com\/jbonet_mobilier\/?hl=fr","https:\/\/www.linkedin.com\/company\/3230729","https:\/\/www.pinterest.fr\/JbonetDesign\/boards\/"]}]}},"_links":{"self":[{"href":"https:\/\/www.jbonet-mobilier.com\/en\/wp-json\/wp\/v2\/product\/82900","targetHints":{"allow":["GET"]}}],"collection":[{"href":"https:\/\/www.jbonet-mobilier.com\/en\/wp-json\/wp\/v2\/product"}],"about":[{"href":"https:\/\/www.jbonet-mobilier.com\/en\/wp-json\/wp\/v2\/types\/product"}],"replies":[{"embeddable":true,"href":"https:\/\/www.jbonet-mobilier.com\/en\/wp-json\/wp\/v2\/comments?post=82900"}],"version-history":[{"count":0,"href":"https:\/\/www.jbonet-mobilier.com\/en\/wp-json\/wp\/v2\/product\/82900\/revisions"}],"wp:featuredmedia":[{"embeddable":true,"href":"https:\/\/www.jbonet-mobilier.com\/en\/wp-json\/wp\/v2\/media\/79749"}],"wp:attachment":[{"href":"https:\/\/www.jbonet-mobilier.com\/en\/wp-json\/wp\/v2\/media?parent=82900"}],"wp:term":[{"taxonomy":"product_brand","embeddable":true,"href":"https:\/\/www.jbonet-mobilier.com\/en\/wp-json\/wp\/v2\/product_brand?post=82900"},{"taxonomy":"product_cat","embeddable":true,"href":"https:\/\/www.jbonet-mobilier.com\/en\/wp-json\/wp\/v2\/product_cat?post=82900"},{"taxonomy":"product_tag","embeddable":true,"href":"https:\/\/www.jbonet-mobilier.com\/en\/wp-json\/wp\/v2\/product_tag?post=82900"}],"curies":[{"name":"wp","href":"https:\/\/api.w.org\/{rel}","templated":true}]}}