{"id":82905,"date":"2023-05-31T15:31:41","date_gmt":"2023-05-31T13:31:41","guid":{"rendered":"https:\/\/www.jbonet-mobilier.com\/produit\/ridge-vase-off-white\/"},"modified":"2026-03-02T16:02:52","modified_gmt":"2026-03-02T15:02:52","slug":"ridge-vase-off-white","status":"publish","type":"product","link":"https:\/\/www.jbonet-mobilier.com\/en\/produit\/ridge-vase-off-white\/","title":{"rendered":"Ridge Vase Off-white"},"content":{"rendered":"<p>The Ridge vase offers a new way to display flowers through its sculptural expression\u2014even when empty. The design adds extra functionality with its refined indentation, allowing flowers to stand upright while also serving as a subtle handle when moving the vase from one room to another. Designed by Kaksikko, a Helsinki-based design studio specializing in ceramic tableware and wooden furniture.  <\/p>\n<p>&nbsp;<\/p>\n<p><span class=\"product-caracteristics-value\"><strong>Product type<\/strong> : vase<\/span><br \/>\n<strong>Brand<\/strong> : Muuto<br \/>\n<span class=\"product-caracteristics-value\"><strong>Colour<\/strong> : off-white<\/span><br \/>\n<span class=\"product-caracteristics-value\"><strong>Material<\/strong> : Ceramic<\/span><br \/>\n<span class=\"product-caracteristics-value\"><strong>Dimensions<\/strong> : H 35 x W 23 x D 8.5<\/span><\/p>\n","protected":false},"excerpt":{"rendered":"<p>The Ridge vase (size M) by <a href=\"https:\/\/www.muuto.com\/\">Muuto<\/a> reinvents flower display by combining sculptural aesthetics with clever functionality. When not in use, it becomes a true work of art that draws every eye. <\/p>\n<p><strong>Available at the Nice showroom, city centre. 33 Rue de la Buffa <\/strong><\/p>\n","protected":false},"featured_media":79771,"comment_status":"closed","ping_status":"closed","template":"","meta":[],"product_brand":[],"product_cat":[463,462],"product_tag":[469],"class_list":{"0":"post-82905","1":"product","2":"type-product","3":"status-publish","4":"has-post-thumbnail","6":"product_cat-accessories","7":"product_cat-interior-furniture","8":"product_tag-jbonet-la-buffa","9":"description-off","11":"first","12":"outofstock","13":"taxable","14":"shipping-taxable","15":"purchasable","16":"product-type-simple"},"yoast_head":"<!-- This site is optimized with the Yoast SEO plugin v27.3 - https:\/\/yoast.com\/product\/yoast-seo-wordpress\/ -->\n<title>Ridge Vase Off-white - Jbonet | Mobilier Design et Bureau<\/title>\n<meta name=\"robots\" content=\"index, follow, max-snippet:-1, max-image-preview:large, max-video-preview:-1\" \/>\n<link rel=\"canonical\" href=\"https:\/\/www.jbonet-mobilier.com\/en\/produit\/ridge-vase-off-white\/\" \/>\n<meta property=\"og:locale\" content=\"en_US\" \/>\n<meta property=\"og:type\" content=\"article\" \/>\n<meta property=\"og:title\" content=\"Ridge Vase Off-white - Jbonet | Mobilier Design et Bureau\" \/>\n<meta property=\"og:description\" content=\"The Ridge vase (size M) by Muuto reinvents flower display by combining sculptural aesthetics with clever functionality. When not in use, it becomes a true work of art that draws every eye.  Available at the Nice showroom, city centre. 33 Rue de la Buffa\" \/>\n<meta property=\"og:url\" content=\"https:\/\/www.jbonet-mobilier.com\/en\/produit\/ridge-vase-off-white\/\" \/>\n<meta property=\"og:site_name\" content=\"Jbonet | Mobilier Design et Bureau\" \/>\n<meta property=\"article:publisher\" content=\"https:\/\/www.facebook.com\/jbonet.mobilier\/\" \/>\n<meta property=\"article:modified_time\" content=\"2026-03-02T15:02:52+00:00\" \/>\n<meta property=\"og:image\" content=\"https:\/\/www.jbonet-mobilier.com\/wp-content\/uploads\/2023\/05\/2443-en-ridge-vase-off-white-group-muuto-5000x5000-hi-res.png\" \/>\n\t<meta property=\"og:image:width\" content=\"1500\" \/>\n\t<meta property=\"og:image:height\" content=\"1500\" \/>\n\t<meta property=\"og:image:type\" content=\"image\/png\" \/>\n<meta name=\"twitter:card\" content=\"summary_large_image\" \/>\n<script type=\"application\/ld+json\" class=\"yoast-schema-graph\">{\"@context\":\"https:\\\/\\\/schema.org\",\"@graph\":[{\"@type\":\"WebPage\",\"@id\":\"https:\\\/\\\/www.jbonet-mobilier.com\\\/en\\\/produit\\\/ridge-vase-off-white\\\/\",\"url\":\"https:\\\/\\\/www.jbonet-mobilier.com\\\/en\\\/produit\\\/ridge-vase-off-white\\\/\",\"name\":\"Ridge Vase Off-white - Jbonet | Mobilier Design et Bureau\",\"isPartOf\":{\"@id\":\"https:\\\/\\\/www.jbonet-mobilier.com\\\/en\\\/#website\"},\"primaryImageOfPage\":{\"@id\":\"https:\\\/\\\/www.jbonet-mobilier.com\\\/en\\\/produit\\\/ridge-vase-off-white\\\/#primaryimage\"},\"image\":{\"@id\":\"https:\\\/\\\/www.jbonet-mobilier.com\\\/en\\\/produit\\\/ridge-vase-off-white\\\/#primaryimage\"},\"thumbnailUrl\":\"https:\\\/\\\/www.jbonet-mobilier.com\\\/wp-content\\\/uploads\\\/2023\\\/05\\\/2443-en-ridge-vase-off-white-group-muuto-5000x5000-hi-res.png\",\"datePublished\":\"2023-05-31T13:31:41+00:00\",\"dateModified\":\"2026-03-02T15:02:52+00:00\",\"breadcrumb\":{\"@id\":\"https:\\\/\\\/www.jbonet-mobilier.com\\\/en\\\/produit\\\/ridge-vase-off-white\\\/#breadcrumb\"},\"inLanguage\":\"en-US\",\"potentialAction\":[{\"@type\":\"ReadAction\",\"target\":[\"https:\\\/\\\/www.jbonet-mobilier.com\\\/en\\\/produit\\\/ridge-vase-off-white\\\/\"]}]},{\"@type\":\"ImageObject\",\"inLanguage\":\"en-US\",\"@id\":\"https:\\\/\\\/www.jbonet-mobilier.com\\\/en\\\/produit\\\/ridge-vase-off-white\\\/#primaryimage\",\"url\":\"https:\\\/\\\/www.jbonet-mobilier.com\\\/wp-content\\\/uploads\\\/2023\\\/05\\\/2443-en-ridge-vase-off-white-group-muuto-5000x5000-hi-res.png\",\"contentUrl\":\"https:\\\/\\\/www.jbonet-mobilier.com\\\/wp-content\\\/uploads\\\/2023\\\/05\\\/2443-en-ridge-vase-off-white-group-muuto-5000x5000-hi-res.png\",\"width\":1500,\"height\":1500,\"caption\":\"Vase Ridge taille moyenne Off white.\"},{\"@type\":\"BreadcrumbList\",\"@id\":\"https:\\\/\\\/www.jbonet-mobilier.com\\\/en\\\/produit\\\/ridge-vase-off-white\\\/#breadcrumb\",\"itemListElement\":[{\"@type\":\"ListItem\",\"position\":1,\"name\":\"Accueil\",\"item\":\"https:\\\/\\\/www.jbonet-mobilier.com\\\/en\\\/home\\\/\"},{\"@type\":\"ListItem\",\"position\":2,\"name\":\"E-shop\",\"item\":\"https:\\\/\\\/www.jbonet-mobilier.com\\\/en\\\/e-shop\\\/\"},{\"@type\":\"ListItem\",\"position\":3,\"name\":\"Ridge Vase Off-white\"}]},{\"@type\":\"WebSite\",\"@id\":\"https:\\\/\\\/www.jbonet-mobilier.com\\\/en\\\/#website\",\"url\":\"https:\\\/\\\/www.jbonet-mobilier.com\\\/en\\\/\",\"name\":\"Jbonet mobilier\",\"description\":\"Jbonet Mobilier est sp\u00e9cialiste du design contemporain et de l&#039;am\u00e9nagement d&#039;espaces professionnels depuis 1975 \u00e0 Nice, Cannes, Monaco, Sophia Antipolis et alentours.\",\"publisher\":{\"@id\":\"https:\\\/\\\/www.jbonet-mobilier.com\\\/en\\\/#organization\"},\"alternateName\":\"Jbonet\",\"potentialAction\":[{\"@type\":\"SearchAction\",\"target\":{\"@type\":\"EntryPoint\",\"urlTemplate\":\"https:\\\/\\\/www.jbonet-mobilier.com\\\/en\\\/?s={search_term_string}\"},\"query-input\":{\"@type\":\"PropertyValueSpecification\",\"valueRequired\":true,\"valueName\":\"search_term_string\"}}],\"inLanguage\":\"en-US\"},{\"@type\":\"Organization\",\"@id\":\"https:\\\/\\\/www.jbonet-mobilier.com\\\/en\\\/#organization\",\"name\":\"Jbonet\",\"alternateName\":\"Jbonet mobilier\",\"url\":\"https:\\\/\\\/www.jbonet-mobilier.com\\\/en\\\/\",\"logo\":{\"@type\":\"ImageObject\",\"inLanguage\":\"en-US\",\"@id\":\"https:\\\/\\\/www.jbonet-mobilier.com\\\/en\\\/#\\\/schema\\\/logo\\\/image\\\/\",\"url\":\"https:\\\/\\\/www.jbonet-mobilier.com\\\/wp-content\\\/uploads\\\/2023\\\/01\\\/favicon-site-internet.png\",\"contentUrl\":\"https:\\\/\\\/www.jbonet-mobilier.com\\\/wp-content\\\/uploads\\\/2023\\\/01\\\/favicon-site-internet.png\",\"width\":512,\"height\":512,\"caption\":\"Jbonet\"},\"image\":{\"@id\":\"https:\\\/\\\/www.jbonet-mobilier.com\\\/en\\\/#\\\/schema\\\/logo\\\/image\\\/\"},\"sameAs\":[\"https:\\\/\\\/www.facebook.com\\\/jbonet.mobilier\\\/\",\"https:\\\/\\\/www.instagram.com\\\/jbonet_mobilier\\\/?hl=fr\",\"https:\\\/\\\/www.linkedin.com\\\/company\\\/3230729\",\"https:\\\/\\\/www.pinterest.fr\\\/JbonetDesign\\\/boards\\\/\"]}]}<\/script>\n<!-- \/ Yoast SEO plugin. -->","yoast_head_json":{"title":"Ridge Vase Off-white - Jbonet | Mobilier Design et Bureau","robots":{"index":"index","follow":"follow","max-snippet":"max-snippet:-1","max-image-preview":"max-image-preview:large","max-video-preview":"max-video-preview:-1"},"canonical":"https:\/\/www.jbonet-mobilier.com\/en\/produit\/ridge-vase-off-white\/","og_locale":"en_US","og_type":"article","og_title":"Ridge Vase Off-white - Jbonet | Mobilier Design et Bureau","og_description":"The Ridge vase (size M) by Muuto reinvents flower display by combining sculptural aesthetics with clever functionality. When not in use, it becomes a true work of art that draws every eye.  Available at the Nice showroom, city centre. 33 Rue de la Buffa","og_url":"https:\/\/www.jbonet-mobilier.com\/en\/produit\/ridge-vase-off-white\/","og_site_name":"Jbonet | Mobilier Design et Bureau","article_publisher":"https:\/\/www.facebook.com\/jbonet.mobilier\/","article_modified_time":"2026-03-02T15:02:52+00:00","og_image":[{"width":1500,"height":1500,"url":"https:\/\/www.jbonet-mobilier.com\/wp-content\/uploads\/2023\/05\/2443-en-ridge-vase-off-white-group-muuto-5000x5000-hi-res.png","type":"image\/png"}],"twitter_card":"summary_large_image","schema":{"@context":"https:\/\/schema.org","@graph":[{"@type":"WebPage","@id":"https:\/\/www.jbonet-mobilier.com\/en\/produit\/ridge-vase-off-white\/","url":"https:\/\/www.jbonet-mobilier.com\/en\/produit\/ridge-vase-off-white\/","name":"Ridge Vase Off-white - Jbonet | Mobilier Design et Bureau","isPartOf":{"@id":"https:\/\/www.jbonet-mobilier.com\/en\/#website"},"primaryImageOfPage":{"@id":"https:\/\/www.jbonet-mobilier.com\/en\/produit\/ridge-vase-off-white\/#primaryimage"},"image":{"@id":"https:\/\/www.jbonet-mobilier.com\/en\/produit\/ridge-vase-off-white\/#primaryimage"},"thumbnailUrl":"https:\/\/www.jbonet-mobilier.com\/wp-content\/uploads\/2023\/05\/2443-en-ridge-vase-off-white-group-muuto-5000x5000-hi-res.png","datePublished":"2023-05-31T13:31:41+00:00","dateModified":"2026-03-02T15:02:52+00:00","breadcrumb":{"@id":"https:\/\/www.jbonet-mobilier.com\/en\/produit\/ridge-vase-off-white\/#breadcrumb"},"inLanguage":"en-US","potentialAction":[{"@type":"ReadAction","target":["https:\/\/www.jbonet-mobilier.com\/en\/produit\/ridge-vase-off-white\/"]}]},{"@type":"ImageObject","inLanguage":"en-US","@id":"https:\/\/www.jbonet-mobilier.com\/en\/produit\/ridge-vase-off-white\/#primaryimage","url":"https:\/\/www.jbonet-mobilier.com\/wp-content\/uploads\/2023\/05\/2443-en-ridge-vase-off-white-group-muuto-5000x5000-hi-res.png","contentUrl":"https:\/\/www.jbonet-mobilier.com\/wp-content\/uploads\/2023\/05\/2443-en-ridge-vase-off-white-group-muuto-5000x5000-hi-res.png","width":1500,"height":1500,"caption":"Vase Ridge taille moyenne Off white."},{"@type":"BreadcrumbList","@id":"https:\/\/www.jbonet-mobilier.com\/en\/produit\/ridge-vase-off-white\/#breadcrumb","itemListElement":[{"@type":"ListItem","position":1,"name":"Accueil","item":"https:\/\/www.jbonet-mobilier.com\/en\/home\/"},{"@type":"ListItem","position":2,"name":"E-shop","item":"https:\/\/www.jbonet-mobilier.com\/en\/e-shop\/"},{"@type":"ListItem","position":3,"name":"Ridge Vase Off-white"}]},{"@type":"WebSite","@id":"https:\/\/www.jbonet-mobilier.com\/en\/#website","url":"https:\/\/www.jbonet-mobilier.com\/en\/","name":"Jbonet mobilier","description":"Jbonet Mobilier est sp\u00e9cialiste du design contemporain et de l&#039;am\u00e9nagement d&#039;espaces professionnels depuis 1975 \u00e0 Nice, Cannes, Monaco, Sophia Antipolis et alentours.","publisher":{"@id":"https:\/\/www.jbonet-mobilier.com\/en\/#organization"},"alternateName":"Jbonet","potentialAction":[{"@type":"SearchAction","target":{"@type":"EntryPoint","urlTemplate":"https:\/\/www.jbonet-mobilier.com\/en\/?s={search_term_string}"},"query-input":{"@type":"PropertyValueSpecification","valueRequired":true,"valueName":"search_term_string"}}],"inLanguage":"en-US"},{"@type":"Organization","@id":"https:\/\/www.jbonet-mobilier.com\/en\/#organization","name":"Jbonet","alternateName":"Jbonet mobilier","url":"https:\/\/www.jbonet-mobilier.com\/en\/","logo":{"@type":"ImageObject","inLanguage":"en-US","@id":"https:\/\/www.jbonet-mobilier.com\/en\/#\/schema\/logo\/image\/","url":"https:\/\/www.jbonet-mobilier.com\/wp-content\/uploads\/2023\/01\/favicon-site-internet.png","contentUrl":"https:\/\/www.jbonet-mobilier.com\/wp-content\/uploads\/2023\/01\/favicon-site-internet.png","width":512,"height":512,"caption":"Jbonet"},"image":{"@id":"https:\/\/www.jbonet-mobilier.com\/en\/#\/schema\/logo\/image\/"},"sameAs":["https:\/\/www.facebook.com\/jbonet.mobilier\/","https:\/\/www.instagram.com\/jbonet_mobilier\/?hl=fr","https:\/\/www.linkedin.com\/company\/3230729","https:\/\/www.pinterest.fr\/JbonetDesign\/boards\/"]}]}},"_links":{"self":[{"href":"https:\/\/www.jbonet-mobilier.com\/en\/wp-json\/wp\/v2\/product\/82905","targetHints":{"allow":["GET"]}}],"collection":[{"href":"https:\/\/www.jbonet-mobilier.com\/en\/wp-json\/wp\/v2\/product"}],"about":[{"href":"https:\/\/www.jbonet-mobilier.com\/en\/wp-json\/wp\/v2\/types\/product"}],"replies":[{"embeddable":true,"href":"https:\/\/www.jbonet-mobilier.com\/en\/wp-json\/wp\/v2\/comments?post=82905"}],"version-history":[{"count":0,"href":"https:\/\/www.jbonet-mobilier.com\/en\/wp-json\/wp\/v2\/product\/82905\/revisions"}],"wp:featuredmedia":[{"embeddable":true,"href":"https:\/\/www.jbonet-mobilier.com\/en\/wp-json\/wp\/v2\/media\/79771"}],"wp:attachment":[{"href":"https:\/\/www.jbonet-mobilier.com\/en\/wp-json\/wp\/v2\/media?parent=82905"}],"wp:term":[{"taxonomy":"product_brand","embeddable":true,"href":"https:\/\/www.jbonet-mobilier.com\/en\/wp-json\/wp\/v2\/product_brand?post=82905"},{"taxonomy":"product_cat","embeddable":true,"href":"https:\/\/www.jbonet-mobilier.com\/en\/wp-json\/wp\/v2\/product_cat?post=82905"},{"taxonomy":"product_tag","embeddable":true,"href":"https:\/\/www.jbonet-mobilier.com\/en\/wp-json\/wp\/v2\/product_tag?post=82905"}],"curies":[{"name":"wp","href":"https:\/\/api.w.org\/{rel}","templated":true}]}}