{"id":82946,"date":"2023-07-05T14:48:47","date_gmt":"2023-07-05T12:48:47","guid":{"rendered":"https:\/\/www.jbonet-mobilier.com\/produit\/tolix-b1-storage\/"},"modified":"2026-03-02T16:03:37","modified_gmt":"2026-03-02T15:03:37","slug":"tolix-b1-storage","status":"publish","type":"product","link":"https:\/\/www.jbonet-mobilier.com\/en\/produit\/tolix-b1-storage\/","title":{"rendered":"Tolix B1 Storage"},"content":{"rendered":"<p>The Tolix mini B1 storage unit is entirely handmade in France, backed by over 90 years of expertise. It is renowned for its quality and durability. Committed to an eco-responsible and eco-social approach, Tolix prioritizes the use of durable materials such as steel and stainless steel. Tolix favors local raw-material suppliers located within 400 km to support the local economy and reduce transport distances.   <\/p>\n<p>The perforated steel front of the small B1 H64 Slim storage unit gives it lightness and elegance, offering a subtle glimpse of its contents. Its PEFC oak handle, sourced from sustainably managed forests, adds a modern, soft touch to this unit\u2019s industrial inspiration. <\/p>\n<p><strong>Material: <\/strong>Steel frame. PEFC oak handle. <\/p>\n<p><strong>Product type<\/strong>: storage<\/p>\n<p><strong>Dimensions: <\/strong>L40 cm x D40 x H64<\/p>\n<div id=\"merciapp-alerts-panel-container\" data-unique-field-id=\"c2279de7ea0d297ce122df987cd7f5d2-1688561533500\"><\/div>\n","protected":false},"excerpt":{"rendered":"<p>The <a href=\"https:\/\/www.tolix.shop\/en_GB\/b1-mini-h64-ral.html\">Tolix<\/a> B1 storage unit is made of compact steel and measures 64 cm in height and 28 cm in depth. It is perfect as an occasional piece in the entry hall, bathroom, or as a bedside table.  <strong>Availability: Nice showroom, rue de la Buffa<\/strong><\/p>\n<div id=\"merciapp-alerts-panel-container\" data-unique-field-id=\"69612f2f32cb31b0eced0e80f0d76cca-1688561533795\"><\/div>\n","protected":false},"featured_media":79902,"comment_status":"closed","ping_status":"closed","template":"","meta":[],"product_brand":[],"product_cat":[462],"product_tag":[],"class_list":{"0":"post-82946","1":"product","2":"type-product","3":"status-publish","4":"has-post-thumbnail","6":"product_cat-interior-furniture","7":"description-off","9":"first","10":"outofstock","11":"taxable","12":"shipping-taxable","13":"purchasable","14":"product-type-simple"},"yoast_head":"<!-- This site is optimized with the Yoast SEO plugin v27.3 - https:\/\/yoast.com\/product\/yoast-seo-wordpress\/ -->\n<title>Tolix B1 Storage - Jbonet | Mobilier Design et Bureau<\/title>\n<meta name=\"description\" content=\"Discover the Tolix storage unit at the jbonet design furniture showroom in central Nice. It fits perfectly in all your indoor spaces.\" \/>\n<meta name=\"robots\" content=\"index, follow, max-snippet:-1, max-image-preview:large, max-video-preview:-1\" \/>\n<link rel=\"canonical\" href=\"https:\/\/www.jbonet-mobilier.com\/en\/produit\/tolix-b1-storage\/\" \/>\n<meta property=\"og:locale\" content=\"en_US\" \/>\n<meta property=\"og:type\" content=\"article\" \/>\n<meta property=\"og:title\" content=\"Tolix B1 Storage - Jbonet | Mobilier Design et Bureau\" \/>\n<meta property=\"og:description\" content=\"Discover the Tolix storage unit at the jbonet design furniture showroom in central Nice. It fits perfectly in all your indoor spaces.\" \/>\n<meta property=\"og:url\" content=\"https:\/\/www.jbonet-mobilier.com\/en\/produit\/tolix-b1-storage\/\" \/>\n<meta property=\"og:site_name\" content=\"Jbonet | Mobilier Design et Bureau\" \/>\n<meta property=\"article:publisher\" content=\"https:\/\/www.facebook.com\/jbonet.mobilier\/\" \/>\n<meta property=\"article:modified_time\" content=\"2026-03-02T15:03:37+00:00\" \/>\n<meta property=\"og:image\" content=\"https:\/\/www.jbonet-mobilier.com\/wp-content\/uploads\/2023\/07\/54-2.png\" \/>\n\t<meta property=\"og:image:width\" content=\"1200\" \/>\n\t<meta property=\"og:image:height\" content=\"1200\" \/>\n\t<meta property=\"og:image:type\" content=\"image\/png\" \/>\n<meta name=\"twitter:card\" content=\"summary_large_image\" \/>\n<meta name=\"twitter:label1\" content=\"Est. reading time\" \/>\n\t<meta name=\"twitter:data1\" content=\"1 minute\" \/>\n<script type=\"application\/ld+json\" class=\"yoast-schema-graph\">{\"@context\":\"https:\\\/\\\/schema.org\",\"@graph\":[{\"@type\":\"WebPage\",\"@id\":\"https:\\\/\\\/www.jbonet-mobilier.com\\\/en\\\/produit\\\/tolix-b1-storage\\\/\",\"url\":\"https:\\\/\\\/www.jbonet-mobilier.com\\\/en\\\/produit\\\/tolix-b1-storage\\\/\",\"name\":\"Tolix B1 Storage - Jbonet | Mobilier Design et Bureau\",\"isPartOf\":{\"@id\":\"https:\\\/\\\/www.jbonet-mobilier.com\\\/en\\\/#website\"},\"primaryImageOfPage\":{\"@id\":\"https:\\\/\\\/www.jbonet-mobilier.com\\\/en\\\/produit\\\/tolix-b1-storage\\\/#primaryimage\"},\"image\":{\"@id\":\"https:\\\/\\\/www.jbonet-mobilier.com\\\/en\\\/produit\\\/tolix-b1-storage\\\/#primaryimage\"},\"thumbnailUrl\":\"https:\\\/\\\/www.jbonet-mobilier.com\\\/wp-content\\\/uploads\\\/2023\\\/07\\\/54-2.png\",\"datePublished\":\"2023-07-05T12:48:47+00:00\",\"dateModified\":\"2026-03-02T15:03:37+00:00\",\"description\":\"Discover the Tolix storage unit at the jbonet design furniture showroom in central Nice. It fits perfectly in all your indoor spaces.\",\"breadcrumb\":{\"@id\":\"https:\\\/\\\/www.jbonet-mobilier.com\\\/en\\\/produit\\\/tolix-b1-storage\\\/#breadcrumb\"},\"inLanguage\":\"en-US\",\"potentialAction\":[{\"@type\":\"ReadAction\",\"target\":[\"https:\\\/\\\/www.jbonet-mobilier.com\\\/en\\\/produit\\\/tolix-b1-storage\\\/\"]}]},{\"@type\":\"ImageObject\",\"inLanguage\":\"en-US\",\"@id\":\"https:\\\/\\\/www.jbonet-mobilier.com\\\/en\\\/produit\\\/tolix-b1-storage\\\/#primaryimage\",\"url\":\"https:\\\/\\\/www.jbonet-mobilier.com\\\/wp-content\\\/uploads\\\/2023\\\/07\\\/54-2.png\",\"contentUrl\":\"https:\\\/\\\/www.jbonet-mobilier.com\\\/wp-content\\\/uploads\\\/2023\\\/07\\\/54-2.png\",\"width\":1200,\"height\":1200,\"caption\":\"Rangement mini B1 vert\"},{\"@type\":\"BreadcrumbList\",\"@id\":\"https:\\\/\\\/www.jbonet-mobilier.com\\\/en\\\/produit\\\/tolix-b1-storage\\\/#breadcrumb\",\"itemListElement\":[{\"@type\":\"ListItem\",\"position\":1,\"name\":\"Accueil\",\"item\":\"https:\\\/\\\/www.jbonet-mobilier.com\\\/en\\\/home\\\/\"},{\"@type\":\"ListItem\",\"position\":2,\"name\":\"E-shop\",\"item\":\"https:\\\/\\\/www.jbonet-mobilier.com\\\/en\\\/e-shop\\\/\"},{\"@type\":\"ListItem\",\"position\":3,\"name\":\"Tolix B1 Storage\"}]},{\"@type\":\"WebSite\",\"@id\":\"https:\\\/\\\/www.jbonet-mobilier.com\\\/en\\\/#website\",\"url\":\"https:\\\/\\\/www.jbonet-mobilier.com\\\/en\\\/\",\"name\":\"Jbonet mobilier\",\"description\":\"Jbonet Mobilier est sp\u00e9cialiste du design contemporain et de l&#039;am\u00e9nagement d&#039;espaces professionnels depuis 1975 \u00e0 Nice, Cannes, Monaco, Sophia Antipolis et alentours.\",\"publisher\":{\"@id\":\"https:\\\/\\\/www.jbonet-mobilier.com\\\/en\\\/#organization\"},\"alternateName\":\"Jbonet\",\"potentialAction\":[{\"@type\":\"SearchAction\",\"target\":{\"@type\":\"EntryPoint\",\"urlTemplate\":\"https:\\\/\\\/www.jbonet-mobilier.com\\\/en\\\/?s={search_term_string}\"},\"query-input\":{\"@type\":\"PropertyValueSpecification\",\"valueRequired\":true,\"valueName\":\"search_term_string\"}}],\"inLanguage\":\"en-US\"},{\"@type\":\"Organization\",\"@id\":\"https:\\\/\\\/www.jbonet-mobilier.com\\\/en\\\/#organization\",\"name\":\"Jbonet\",\"alternateName\":\"Jbonet mobilier\",\"url\":\"https:\\\/\\\/www.jbonet-mobilier.com\\\/en\\\/\",\"logo\":{\"@type\":\"ImageObject\",\"inLanguage\":\"en-US\",\"@id\":\"https:\\\/\\\/www.jbonet-mobilier.com\\\/en\\\/#\\\/schema\\\/logo\\\/image\\\/\",\"url\":\"https:\\\/\\\/www.jbonet-mobilier.com\\\/wp-content\\\/uploads\\\/2023\\\/01\\\/favicon-site-internet.png\",\"contentUrl\":\"https:\\\/\\\/www.jbonet-mobilier.com\\\/wp-content\\\/uploads\\\/2023\\\/01\\\/favicon-site-internet.png\",\"width\":512,\"height\":512,\"caption\":\"Jbonet\"},\"image\":{\"@id\":\"https:\\\/\\\/www.jbonet-mobilier.com\\\/en\\\/#\\\/schema\\\/logo\\\/image\\\/\"},\"sameAs\":[\"https:\\\/\\\/www.facebook.com\\\/jbonet.mobilier\\\/\",\"https:\\\/\\\/www.instagram.com\\\/jbonet_mobilier\\\/?hl=fr\",\"https:\\\/\\\/www.linkedin.com\\\/company\\\/3230729\",\"https:\\\/\\\/www.pinterest.fr\\\/JbonetDesign\\\/boards\\\/\"]}]}<\/script>\n<!-- \/ Yoast SEO plugin. -->","yoast_head_json":{"title":"Tolix B1 Storage - Jbonet | Mobilier Design et Bureau","description":"Discover the Tolix storage unit at the jbonet design furniture showroom in central Nice. It fits perfectly in all your indoor spaces.","robots":{"index":"index","follow":"follow","max-snippet":"max-snippet:-1","max-image-preview":"max-image-preview:large","max-video-preview":"max-video-preview:-1"},"canonical":"https:\/\/www.jbonet-mobilier.com\/en\/produit\/tolix-b1-storage\/","og_locale":"en_US","og_type":"article","og_title":"Tolix B1 Storage - Jbonet | Mobilier Design et Bureau","og_description":"Discover the Tolix storage unit at the jbonet design furniture showroom in central Nice. It fits perfectly in all your indoor spaces.","og_url":"https:\/\/www.jbonet-mobilier.com\/en\/produit\/tolix-b1-storage\/","og_site_name":"Jbonet | Mobilier Design et Bureau","article_publisher":"https:\/\/www.facebook.com\/jbonet.mobilier\/","article_modified_time":"2026-03-02T15:03:37+00:00","og_image":[{"width":1200,"height":1200,"url":"https:\/\/www.jbonet-mobilier.com\/wp-content\/uploads\/2023\/07\/54-2.png","type":"image\/png"}],"twitter_card":"summary_large_image","twitter_misc":{"Est. reading time":"1 minute"},"schema":{"@context":"https:\/\/schema.org","@graph":[{"@type":"WebPage","@id":"https:\/\/www.jbonet-mobilier.com\/en\/produit\/tolix-b1-storage\/","url":"https:\/\/www.jbonet-mobilier.com\/en\/produit\/tolix-b1-storage\/","name":"Tolix B1 Storage - Jbonet | Mobilier Design et Bureau","isPartOf":{"@id":"https:\/\/www.jbonet-mobilier.com\/en\/#website"},"primaryImageOfPage":{"@id":"https:\/\/www.jbonet-mobilier.com\/en\/produit\/tolix-b1-storage\/#primaryimage"},"image":{"@id":"https:\/\/www.jbonet-mobilier.com\/en\/produit\/tolix-b1-storage\/#primaryimage"},"thumbnailUrl":"https:\/\/www.jbonet-mobilier.com\/wp-content\/uploads\/2023\/07\/54-2.png","datePublished":"2023-07-05T12:48:47+00:00","dateModified":"2026-03-02T15:03:37+00:00","description":"Discover the Tolix storage unit at the jbonet design furniture showroom in central Nice. It fits perfectly in all your indoor spaces.","breadcrumb":{"@id":"https:\/\/www.jbonet-mobilier.com\/en\/produit\/tolix-b1-storage\/#breadcrumb"},"inLanguage":"en-US","potentialAction":[{"@type":"ReadAction","target":["https:\/\/www.jbonet-mobilier.com\/en\/produit\/tolix-b1-storage\/"]}]},{"@type":"ImageObject","inLanguage":"en-US","@id":"https:\/\/www.jbonet-mobilier.com\/en\/produit\/tolix-b1-storage\/#primaryimage","url":"https:\/\/www.jbonet-mobilier.com\/wp-content\/uploads\/2023\/07\/54-2.png","contentUrl":"https:\/\/www.jbonet-mobilier.com\/wp-content\/uploads\/2023\/07\/54-2.png","width":1200,"height":1200,"caption":"Rangement mini B1 vert"},{"@type":"BreadcrumbList","@id":"https:\/\/www.jbonet-mobilier.com\/en\/produit\/tolix-b1-storage\/#breadcrumb","itemListElement":[{"@type":"ListItem","position":1,"name":"Accueil","item":"https:\/\/www.jbonet-mobilier.com\/en\/home\/"},{"@type":"ListItem","position":2,"name":"E-shop","item":"https:\/\/www.jbonet-mobilier.com\/en\/e-shop\/"},{"@type":"ListItem","position":3,"name":"Tolix B1 Storage"}]},{"@type":"WebSite","@id":"https:\/\/www.jbonet-mobilier.com\/en\/#website","url":"https:\/\/www.jbonet-mobilier.com\/en\/","name":"Jbonet mobilier","description":"Jbonet Mobilier est sp\u00e9cialiste du design contemporain et de l&#039;am\u00e9nagement d&#039;espaces professionnels depuis 1975 \u00e0 Nice, Cannes, Monaco, Sophia Antipolis et alentours.","publisher":{"@id":"https:\/\/www.jbonet-mobilier.com\/en\/#organization"},"alternateName":"Jbonet","potentialAction":[{"@type":"SearchAction","target":{"@type":"EntryPoint","urlTemplate":"https:\/\/www.jbonet-mobilier.com\/en\/?s={search_term_string}"},"query-input":{"@type":"PropertyValueSpecification","valueRequired":true,"valueName":"search_term_string"}}],"inLanguage":"en-US"},{"@type":"Organization","@id":"https:\/\/www.jbonet-mobilier.com\/en\/#organization","name":"Jbonet","alternateName":"Jbonet mobilier","url":"https:\/\/www.jbonet-mobilier.com\/en\/","logo":{"@type":"ImageObject","inLanguage":"en-US","@id":"https:\/\/www.jbonet-mobilier.com\/en\/#\/schema\/logo\/image\/","url":"https:\/\/www.jbonet-mobilier.com\/wp-content\/uploads\/2023\/01\/favicon-site-internet.png","contentUrl":"https:\/\/www.jbonet-mobilier.com\/wp-content\/uploads\/2023\/01\/favicon-site-internet.png","width":512,"height":512,"caption":"Jbonet"},"image":{"@id":"https:\/\/www.jbonet-mobilier.com\/en\/#\/schema\/logo\/image\/"},"sameAs":["https:\/\/www.facebook.com\/jbonet.mobilier\/","https:\/\/www.instagram.com\/jbonet_mobilier\/?hl=fr","https:\/\/www.linkedin.com\/company\/3230729","https:\/\/www.pinterest.fr\/JbonetDesign\/boards\/"]}]}},"_links":{"self":[{"href":"https:\/\/www.jbonet-mobilier.com\/en\/wp-json\/wp\/v2\/product\/82946","targetHints":{"allow":["GET"]}}],"collection":[{"href":"https:\/\/www.jbonet-mobilier.com\/en\/wp-json\/wp\/v2\/product"}],"about":[{"href":"https:\/\/www.jbonet-mobilier.com\/en\/wp-json\/wp\/v2\/types\/product"}],"replies":[{"embeddable":true,"href":"https:\/\/www.jbonet-mobilier.com\/en\/wp-json\/wp\/v2\/comments?post=82946"}],"version-history":[{"count":0,"href":"https:\/\/www.jbonet-mobilier.com\/en\/wp-json\/wp\/v2\/product\/82946\/revisions"}],"wp:featuredmedia":[{"embeddable":true,"href":"https:\/\/www.jbonet-mobilier.com\/en\/wp-json\/wp\/v2\/media\/79902"}],"wp:attachment":[{"href":"https:\/\/www.jbonet-mobilier.com\/en\/wp-json\/wp\/v2\/media?parent=82946"}],"wp:term":[{"taxonomy":"product_brand","embeddable":true,"href":"https:\/\/www.jbonet-mobilier.com\/en\/wp-json\/wp\/v2\/product_brand?post=82946"},{"taxonomy":"product_cat","embeddable":true,"href":"https:\/\/www.jbonet-mobilier.com\/en\/wp-json\/wp\/v2\/product_cat?post=82946"},{"taxonomy":"product_tag","embeddable":true,"href":"https:\/\/www.jbonet-mobilier.com\/en\/wp-json\/wp\/v2\/product_tag?post=82946"}],"curies":[{"name":"wp","href":"https:\/\/api.w.org\/{rel}","templated":true}]}}