{"id":82950,"date":"2023-06-30T10:13:26","date_gmt":"2023-06-30T08:13:26","guid":{"rendered":"https:\/\/www.jbonet-mobilier.com\/produit\/doric-coffee-table\/"},"modified":"2026-03-02T16:03:38","modified_gmt":"2026-03-02T15:03:38","slug":"doric-coffee-table","status":"publish","type":"product","link":"https:\/\/www.jbonet-mobilier.com\/en\/produit\/doric-coffee-table\/","title":{"rendered":"Doric Coffee Table"},"content":{"rendered":"<p>Designed by <a href=\"https:\/\/gubi.com\/en\/fr\">Gubi<\/a>, the Doric coffee table is available in one size and two types of natural stone, each with its own distinctive color. The first version is a beautifully nuanced neutral white, while the second is a vibrant electric gray limestone with a more dramatic pattern. Each piece produced in these stones is unique, inscribing the Earth&#8217;s ancient history into its surface.  <\/p>\n<p><strong>Stine Gam and Enrico Fratesi, GamFratesi<\/strong>: &#8220;By reinterpreting a feature of classical architecture, the Doric table brings the weight of history into a contemporary environment. The particular shape of the leg manages to be rigid and formal yet at the same time decorative and soft. In the fluted detail, a solid stone element becomes ornamental while retaining the overall geometry of the design.&#8221;<\/p>\n<p><strong>Product type<\/strong>: Coffee <a href=\"https:\/\/www.jbonet-mobilier.com\/en\/?page_id=81812\">table<\/a><\/p>\n<p><strong>Color<\/strong>: White with gray veining (Limestone stone)<\/p>\n<p><strong>Material<\/strong>: Carved Limestone stone<\/p>\n<p><strong>Dimensions<\/strong>: 80 x 80 cm x H 30 cm<\/p>\n<p>&nbsp;<\/p>\n","protected":false},"excerpt":{"rendered":"<p>The Doric coffee table, created by the <a href=\"http:\/\/gamfratesi.com\/\">GamFratesi<\/a> duo, is inspired by the Doric column of ancient Greece and Rome. Its inward-curved profile gives the Doric table a lightness and modernity of form, showcasing a high level of artisanal stonework. <\/p>\n<p>&#8211;<\/p>\n","protected":false},"featured_media":79877,"comment_status":"closed","ping_status":"closed","template":"","meta":[],"product_brand":[],"product_cat":[462,465],"product_tag":[],"class_list":{"0":"post-82950","1":"product","2":"type-product","3":"status-publish","4":"has-post-thumbnail","6":"product_cat-interior-furniture","7":"product_cat-uncategorized","8":"description-off","10":"first","11":"outofstock","12":"taxable","13":"shipping-taxable","14":"purchasable","15":"product-type-simple"},"yoast_head":"<!-- This site is optimized with the Yoast SEO plugin v27.5 - https:\/\/yoast.com\/product\/yoast-seo-wordpress\/ -->\n<title>Doric Coffee Table - Jbonet | Mobilier Design et Bureau<\/title>\n<meta name=\"description\" content=\"The Doric coffee table by Gubi is inspired by the Doric column of ancient Greece and Rome. Discover the Doric table at our Nice showroom.\" \/>\n<meta name=\"robots\" content=\"index, follow, max-snippet:-1, max-image-preview:large, max-video-preview:-1\" \/>\n<link rel=\"canonical\" href=\"https:\/\/www.jbonet-mobilier.com\/en\/produit\/doric-coffee-table\/\" \/>\n<meta property=\"og:locale\" content=\"en_US\" \/>\n<meta property=\"og:type\" content=\"article\" \/>\n<meta property=\"og:title\" content=\"Doric Coffee Table - Jbonet | Mobilier Design et Bureau\" \/>\n<meta property=\"og:description\" content=\"The Doric coffee table by Gubi is inspired by the Doric column of ancient Greece and Rome. Discover the Doric table at our Nice showroom.\" \/>\n<meta property=\"og:url\" content=\"https:\/\/www.jbonet-mobilier.com\/en\/produit\/doric-coffee-table\/\" \/>\n<meta property=\"og:site_name\" content=\"Jbonet | Mobilier Design et Bureau\" \/>\n<meta property=\"article:publisher\" content=\"https:\/\/www.facebook.com\/jbonet.mobilier\/\" \/>\n<meta property=\"article:modified_time\" content=\"2026-03-02T15:03:38+00:00\" \/>\n<meta property=\"og:image\" content=\"https:\/\/www.jbonet-mobilier.com\/wp-content\/uploads\/2023\/06\/42.png\" \/>\n\t<meta property=\"og:image:width\" content=\"1200\" \/>\n\t<meta property=\"og:image:height\" content=\"1200\" \/>\n\t<meta property=\"og:image:type\" content=\"image\/png\" \/>\n<meta name=\"twitter:card\" content=\"summary_large_image\" \/>\n<meta name=\"twitter:label1\" content=\"Est. reading time\" \/>\n\t<meta name=\"twitter:data1\" content=\"1 minute\" \/>\n<script type=\"application\/ld+json\" class=\"yoast-schema-graph\">{\"@context\":\"https:\\\/\\\/schema.org\",\"@graph\":[{\"@type\":\"WebPage\",\"@id\":\"https:\\\/\\\/www.jbonet-mobilier.com\\\/en\\\/produit\\\/doric-coffee-table\\\/\",\"url\":\"https:\\\/\\\/www.jbonet-mobilier.com\\\/en\\\/produit\\\/doric-coffee-table\\\/\",\"name\":\"Doric Coffee Table - Jbonet | Mobilier Design et Bureau\",\"isPartOf\":{\"@id\":\"https:\\\/\\\/www.jbonet-mobilier.com\\\/en\\\/#website\"},\"primaryImageOfPage\":{\"@id\":\"https:\\\/\\\/www.jbonet-mobilier.com\\\/en\\\/produit\\\/doric-coffee-table\\\/#primaryimage\"},\"image\":{\"@id\":\"https:\\\/\\\/www.jbonet-mobilier.com\\\/en\\\/produit\\\/doric-coffee-table\\\/#primaryimage\"},\"thumbnailUrl\":\"https:\\\/\\\/www.jbonet-mobilier.com\\\/wp-content\\\/uploads\\\/2023\\\/06\\\/42.png\",\"datePublished\":\"2023-06-30T08:13:26+00:00\",\"dateModified\":\"2026-03-02T15:03:38+00:00\",\"description\":\"The Doric coffee table by Gubi is inspired by the Doric column of ancient Greece and Rome. Discover the Doric table at our Nice showroom.\",\"breadcrumb\":{\"@id\":\"https:\\\/\\\/www.jbonet-mobilier.com\\\/en\\\/produit\\\/doric-coffee-table\\\/#breadcrumb\"},\"inLanguage\":\"en-US\",\"potentialAction\":[{\"@type\":\"ReadAction\",\"target\":[\"https:\\\/\\\/www.jbonet-mobilier.com\\\/en\\\/produit\\\/doric-coffee-table\\\/\"]}]},{\"@type\":\"ImageObject\",\"inLanguage\":\"en-US\",\"@id\":\"https:\\\/\\\/www.jbonet-mobilier.com\\\/en\\\/produit\\\/doric-coffee-table\\\/#primaryimage\",\"url\":\"https:\\\/\\\/www.jbonet-mobilier.com\\\/wp-content\\\/uploads\\\/2023\\\/06\\\/42.png\",\"contentUrl\":\"https:\\\/\\\/www.jbonet-mobilier.com\\\/wp-content\\\/uploads\\\/2023\\\/06\\\/42.png\",\"width\":1200,\"height\":1200,\"caption\":\"Table basse doric small\"},{\"@type\":\"BreadcrumbList\",\"@id\":\"https:\\\/\\\/www.jbonet-mobilier.com\\\/en\\\/produit\\\/doric-coffee-table\\\/#breadcrumb\",\"itemListElement\":[{\"@type\":\"ListItem\",\"position\":1,\"name\":\"Accueil\",\"item\":\"https:\\\/\\\/www.jbonet-mobilier.com\\\/en\\\/home\\\/\"},{\"@type\":\"ListItem\",\"position\":2,\"name\":\"E-shop\",\"item\":\"https:\\\/\\\/www.jbonet-mobilier.com\\\/en\\\/e-shop\\\/\"},{\"@type\":\"ListItem\",\"position\":3,\"name\":\"Doric Coffee Table\"}]},{\"@type\":\"WebSite\",\"@id\":\"https:\\\/\\\/www.jbonet-mobilier.com\\\/en\\\/#website\",\"url\":\"https:\\\/\\\/www.jbonet-mobilier.com\\\/en\\\/\",\"name\":\"Jbonet mobilier\",\"description\":\"Jbonet Mobilier est sp\u00e9cialiste du design contemporain et de l&#039;am\u00e9nagement d&#039;espaces professionnels depuis 1975 \u00e0 Nice, Cannes, Monaco, Sophia Antipolis et alentours.\",\"publisher\":{\"@id\":\"https:\\\/\\\/www.jbonet-mobilier.com\\\/en\\\/#organization\"},\"alternateName\":\"Jbonet\",\"potentialAction\":[{\"@type\":\"SearchAction\",\"target\":{\"@type\":\"EntryPoint\",\"urlTemplate\":\"https:\\\/\\\/www.jbonet-mobilier.com\\\/en\\\/?s={search_term_string}\"},\"query-input\":{\"@type\":\"PropertyValueSpecification\",\"valueRequired\":true,\"valueName\":\"search_term_string\"}}],\"inLanguage\":\"en-US\"},{\"@type\":\"Organization\",\"@id\":\"https:\\\/\\\/www.jbonet-mobilier.com\\\/en\\\/#organization\",\"name\":\"Jbonet\",\"alternateName\":\"Jbonet mobilier\",\"url\":\"https:\\\/\\\/www.jbonet-mobilier.com\\\/en\\\/\",\"logo\":{\"@type\":\"ImageObject\",\"inLanguage\":\"en-US\",\"@id\":\"https:\\\/\\\/www.jbonet-mobilier.com\\\/en\\\/#\\\/schema\\\/logo\\\/image\\\/\",\"url\":\"https:\\\/\\\/www.jbonet-mobilier.com\\\/wp-content\\\/uploads\\\/2023\\\/01\\\/favicon-site-internet.png\",\"contentUrl\":\"https:\\\/\\\/www.jbonet-mobilier.com\\\/wp-content\\\/uploads\\\/2023\\\/01\\\/favicon-site-internet.png\",\"width\":512,\"height\":512,\"caption\":\"Jbonet\"},\"image\":{\"@id\":\"https:\\\/\\\/www.jbonet-mobilier.com\\\/en\\\/#\\\/schema\\\/logo\\\/image\\\/\"},\"sameAs\":[\"https:\\\/\\\/www.facebook.com\\\/jbonet.mobilier\\\/\",\"https:\\\/\\\/www.instagram.com\\\/jbonet_mobilier\\\/?hl=fr\",\"https:\\\/\\\/www.linkedin.com\\\/company\\\/3230729\",\"https:\\\/\\\/www.pinterest.fr\\\/JbonetDesign\\\/boards\\\/\"]}]}<\/script>\n<!-- \/ Yoast SEO plugin. -->","yoast_head_json":{"title":"Doric Coffee Table - Jbonet | Mobilier Design et Bureau","description":"The Doric coffee table by Gubi is inspired by the Doric column of ancient Greece and Rome. Discover the Doric table at our Nice showroom.","robots":{"index":"index","follow":"follow","max-snippet":"max-snippet:-1","max-image-preview":"max-image-preview:large","max-video-preview":"max-video-preview:-1"},"canonical":"https:\/\/www.jbonet-mobilier.com\/en\/produit\/doric-coffee-table\/","og_locale":"en_US","og_type":"article","og_title":"Doric Coffee Table - Jbonet | Mobilier Design et Bureau","og_description":"The Doric coffee table by Gubi is inspired by the Doric column of ancient Greece and Rome. Discover the Doric table at our Nice showroom.","og_url":"https:\/\/www.jbonet-mobilier.com\/en\/produit\/doric-coffee-table\/","og_site_name":"Jbonet | Mobilier Design et Bureau","article_publisher":"https:\/\/www.facebook.com\/jbonet.mobilier\/","article_modified_time":"2026-03-02T15:03:38+00:00","og_image":[{"width":1200,"height":1200,"url":"https:\/\/www.jbonet-mobilier.com\/wp-content\/uploads\/2023\/06\/42.png","type":"image\/png"}],"twitter_card":"summary_large_image","twitter_misc":{"Est. reading time":"1 minute"},"schema":{"@context":"https:\/\/schema.org","@graph":[{"@type":"WebPage","@id":"https:\/\/www.jbonet-mobilier.com\/en\/produit\/doric-coffee-table\/","url":"https:\/\/www.jbonet-mobilier.com\/en\/produit\/doric-coffee-table\/","name":"Doric Coffee Table - Jbonet | Mobilier Design et Bureau","isPartOf":{"@id":"https:\/\/www.jbonet-mobilier.com\/en\/#website"},"primaryImageOfPage":{"@id":"https:\/\/www.jbonet-mobilier.com\/en\/produit\/doric-coffee-table\/#primaryimage"},"image":{"@id":"https:\/\/www.jbonet-mobilier.com\/en\/produit\/doric-coffee-table\/#primaryimage"},"thumbnailUrl":"https:\/\/www.jbonet-mobilier.com\/wp-content\/uploads\/2023\/06\/42.png","datePublished":"2023-06-30T08:13:26+00:00","dateModified":"2026-03-02T15:03:38+00:00","description":"The Doric coffee table by Gubi is inspired by the Doric column of ancient Greece and Rome. Discover the Doric table at our Nice showroom.","breadcrumb":{"@id":"https:\/\/www.jbonet-mobilier.com\/en\/produit\/doric-coffee-table\/#breadcrumb"},"inLanguage":"en-US","potentialAction":[{"@type":"ReadAction","target":["https:\/\/www.jbonet-mobilier.com\/en\/produit\/doric-coffee-table\/"]}]},{"@type":"ImageObject","inLanguage":"en-US","@id":"https:\/\/www.jbonet-mobilier.com\/en\/produit\/doric-coffee-table\/#primaryimage","url":"https:\/\/www.jbonet-mobilier.com\/wp-content\/uploads\/2023\/06\/42.png","contentUrl":"https:\/\/www.jbonet-mobilier.com\/wp-content\/uploads\/2023\/06\/42.png","width":1200,"height":1200,"caption":"Table basse doric small"},{"@type":"BreadcrumbList","@id":"https:\/\/www.jbonet-mobilier.com\/en\/produit\/doric-coffee-table\/#breadcrumb","itemListElement":[{"@type":"ListItem","position":1,"name":"Accueil","item":"https:\/\/www.jbonet-mobilier.com\/en\/home\/"},{"@type":"ListItem","position":2,"name":"E-shop","item":"https:\/\/www.jbonet-mobilier.com\/en\/e-shop\/"},{"@type":"ListItem","position":3,"name":"Doric Coffee Table"}]},{"@type":"WebSite","@id":"https:\/\/www.jbonet-mobilier.com\/en\/#website","url":"https:\/\/www.jbonet-mobilier.com\/en\/","name":"Jbonet mobilier","description":"Jbonet Mobilier est sp\u00e9cialiste du design contemporain et de l&#039;am\u00e9nagement d&#039;espaces professionnels depuis 1975 \u00e0 Nice, Cannes, Monaco, Sophia Antipolis et alentours.","publisher":{"@id":"https:\/\/www.jbonet-mobilier.com\/en\/#organization"},"alternateName":"Jbonet","potentialAction":[{"@type":"SearchAction","target":{"@type":"EntryPoint","urlTemplate":"https:\/\/www.jbonet-mobilier.com\/en\/?s={search_term_string}"},"query-input":{"@type":"PropertyValueSpecification","valueRequired":true,"valueName":"search_term_string"}}],"inLanguage":"en-US"},{"@type":"Organization","@id":"https:\/\/www.jbonet-mobilier.com\/en\/#organization","name":"Jbonet","alternateName":"Jbonet mobilier","url":"https:\/\/www.jbonet-mobilier.com\/en\/","logo":{"@type":"ImageObject","inLanguage":"en-US","@id":"https:\/\/www.jbonet-mobilier.com\/en\/#\/schema\/logo\/image\/","url":"https:\/\/www.jbonet-mobilier.com\/wp-content\/uploads\/2023\/01\/favicon-site-internet.png","contentUrl":"https:\/\/www.jbonet-mobilier.com\/wp-content\/uploads\/2023\/01\/favicon-site-internet.png","width":512,"height":512,"caption":"Jbonet"},"image":{"@id":"https:\/\/www.jbonet-mobilier.com\/en\/#\/schema\/logo\/image\/"},"sameAs":["https:\/\/www.facebook.com\/jbonet.mobilier\/","https:\/\/www.instagram.com\/jbonet_mobilier\/?hl=fr","https:\/\/www.linkedin.com\/company\/3230729","https:\/\/www.pinterest.fr\/JbonetDesign\/boards\/"]}]}},"_links":{"self":[{"href":"https:\/\/www.jbonet-mobilier.com\/en\/wp-json\/wp\/v2\/product\/82950","targetHints":{"allow":["GET"]}}],"collection":[{"href":"https:\/\/www.jbonet-mobilier.com\/en\/wp-json\/wp\/v2\/product"}],"about":[{"href":"https:\/\/www.jbonet-mobilier.com\/en\/wp-json\/wp\/v2\/types\/product"}],"replies":[{"embeddable":true,"href":"https:\/\/www.jbonet-mobilier.com\/en\/wp-json\/wp\/v2\/comments?post=82950"}],"version-history":[{"count":0,"href":"https:\/\/www.jbonet-mobilier.com\/en\/wp-json\/wp\/v2\/product\/82950\/revisions"}],"wp:featuredmedia":[{"embeddable":true,"href":"https:\/\/www.jbonet-mobilier.com\/en\/wp-json\/wp\/v2\/media\/79877"}],"wp:attachment":[{"href":"https:\/\/www.jbonet-mobilier.com\/en\/wp-json\/wp\/v2\/media?parent=82950"}],"wp:term":[{"taxonomy":"product_brand","embeddable":true,"href":"https:\/\/www.jbonet-mobilier.com\/en\/wp-json\/wp\/v2\/product_brand?post=82950"},{"taxonomy":"product_cat","embeddable":true,"href":"https:\/\/www.jbonet-mobilier.com\/en\/wp-json\/wp\/v2\/product_cat?post=82950"},{"taxonomy":"product_tag","embeddable":true,"href":"https:\/\/www.jbonet-mobilier.com\/en\/wp-json\/wp\/v2\/product_tag?post=82950"}],"curies":[{"name":"wp","href":"https:\/\/api.w.org\/{rel}","templated":true}]}}